{"id":903,"date":"2023-02-24T15:00:46","date_gmt":"2023-02-24T14:00:46","guid":{"rendered":"http:\/\/notarglonekova.sk\/?page_id=903"},"modified":"2024-03-14T08:33:15","modified_gmt":"2024-03-14T07:33:15","slug":"galeria","status":"publish","type":"page","link":"https:\/\/notarglonekova.sk\/?page_id=903","title":{"rendered":"Gal\u00e9ria"},"content":{"rendered":"\t\t<div data-elementor-type=\"wp-page\" data-elementor-id=\"903\" class=\"elementor elementor-903\">\n\t\t\t\t\t\t<section class=\"elementor-section elementor-top-section elementor-element elementor-element-6274bd03 elementor-section-boxed elementor-section-height-default elementor-section-height-default\" data-id=\"6274bd03\" data-element_type=\"section\" data-settings=\"{&quot;background_background&quot;:&quot;classic&quot;}\">\n\t\t\t\t\t\t\t<div class=\"elementor-background-overlay\"><\/div>\n\t\t\t\t\t\t\t<div class=\"elementor-container elementor-column-gap-default\">\n\t\t\t\t\t<div class=\"elementor-column elementor-col-100 elementor-top-column elementor-element elementor-element-2b1c3676\" data-id=\"2b1c3676\" data-element_type=\"column\">\n\t\t\t<div class=\"elementor-widget-wrap elementor-element-populated\">\n\t\t\t\t\t\t<div class=\"elementor-element elementor-element-c56b363 elementor-invisible elementor-widget elementor-widget-heading\" data-id=\"c56b363\" data-element_type=\"widget\" data-settings=\"{&quot;_animation&quot;:&quot;fadeInUp&quot;,&quot;_animation_delay&quot;:300}\" data-widget_type=\"heading.default\">\n\t\t\t\t<div class=\"elementor-widget-container\">\n\t\t\t\t\t<h3 class=\"elementor-heading-title elementor-size-default\">Gal\u00e9ria<\/h3>\t\t\t\t<\/div>\n\t\t\t\t<\/div>\n\t\t\t\t<div class=\"elementor-element elementor-element-4abe118a elementor-invisible elementor-widget elementor-widget-heading\" data-id=\"4abe118a\" data-element_type=\"widget\" data-settings=\"{&quot;_animation&quot;:&quot;fadeInUp&quot;,&quot;_animation_delay&quot;:500}\" data-widget_type=\"heading.default\">\n\t\t\t\t<div class=\"elementor-widget-container\">\n\t\t\t\t\t<h1 class=\"elementor-heading-title elementor-size-default\">Prezrite si priestory n\u00e1\u0161ho Not\u00e1rskeho \u00faradu<\/h1>\t\t\t\t<\/div>\n\t\t\t\t<\/div>\n\t\t\t\t\t<\/div>\n\t\t<\/div>\n\t\t\t\t\t<\/div>\n\t\t<\/section>\n\t\t\t\t<section class=\"elementor-section elementor-top-section elementor-element elementor-element-17d71ef9 elementor-section-content-top elementor-section-boxed elementor-section-height-default elementor-section-height-default\" data-id=\"17d71ef9\" data-element_type=\"section\">\n\t\t\t\t\t\t<div class=\"elementor-container elementor-column-gap-default\">\n\t\t\t\t\t<div class=\"elementor-column elementor-col-100 elementor-top-column elementor-element elementor-element-323f3c76 elementor-invisible\" data-id=\"323f3c76\" data-element_type=\"column\" data-settings=\"{&quot;animation&quot;:&quot;fadeInLeft&quot;}\">\n\t\t\t<div class=\"elementor-widget-wrap elementor-element-populated\">\n\t\t\t\t\t\t<div class=\"elementor-element elementor-element-234177ab elementor-widget elementor-widget-image\" data-id=\"234177ab\" data-element_type=\"widget\" data-widget_type=\"image.default\">\n\t\t\t\t<div class=\"elementor-widget-container\">\n\t\t\t\t\t\t\t\t\t\t\t\t\t\t\t<img decoding=\"async\" src=\"https:\/\/notarglonekova.sk\/wp-content\/uploads\/2023\/02\/IMG_1681.jpg\" title=\"IMG_1681\" alt=\"IMG_1681\" loading=\"lazy\" \/>\t\t\t\t\t\t\t\t\t\t\t\t\t\t\t<\/div>\n\t\t\t\t<\/div>\n\t\t\t\t<div class=\"elementor-element elementor-element-5079798 elementor-widget elementor-widget-image\" data-id=\"5079798\" data-element_type=\"widget\" data-widget_type=\"image.default\">\n\t\t\t\t<div class=\"elementor-widget-container\">\n\t\t\t\t\t\t\t\t\t\t\t\t\t\t\t<img decoding=\"async\" src=\"https:\/\/notarglonekova.sk\/wp-content\/uploads\/2023\/02\/IMG_1682.jpg\" title=\"IMG_1682\" alt=\"IMG_1682\" loading=\"lazy\" \/>\t\t\t\t\t\t\t\t\t\t\t\t\t\t\t<\/div>\n\t\t\t\t<\/div>\n\t\t\t\t<div class=\"elementor-element elementor-element-aafea90 elementor-widget elementor-widget-image\" data-id=\"aafea90\" data-element_type=\"widget\" data-widget_type=\"image.default\">\n\t\t\t\t<div class=\"elementor-widget-container\">\n\t\t\t\t\t\t\t\t\t\t\t\t\t\t\t<img decoding=\"async\" src=\"https:\/\/notarglonekova.sk\/wp-content\/uploads\/2023\/02\/IMG_1685.jpg\" title=\"IMG_1685\" alt=\"IMG_1685\" loading=\"lazy\" \/>\t\t\t\t\t\t\t\t\t\t\t\t\t\t\t<\/div>\n\t\t\t\t<\/div>\n\t\t\t\t<div class=\"elementor-element elementor-element-698f590 elementor-widget elementor-widget-image\" data-id=\"698f590\" data-element_type=\"widget\" data-widget_type=\"image.default\">\n\t\t\t\t<div class=\"elementor-widget-container\">\n\t\t\t\t\t\t\t\t\t\t\t\t\t\t\t<img decoding=\"async\" src=\"https:\/\/notarglonekova.sk\/wp-content\/uploads\/2023\/02\/DSC00751-scaled.jpg\" title=\"DSC00751\" alt=\"DSC00751\" loading=\"lazy\" \/>\t\t\t\t\t\t\t\t\t\t\t\t\t\t\t<\/div>\n\t\t\t\t<\/div>\n\t\t\t\t<div class=\"elementor-element elementor-element-0669970 elementor-widget elementor-widget-image\" data-id=\"0669970\" data-element_type=\"widget\" data-widget_type=\"image.default\">\n\t\t\t\t<div class=\"elementor-widget-container\">\n\t\t\t\t\t\t\t\t\t\t\t\t\t\t\t<img decoding=\"async\" src=\"https:\/\/notarglonekova.sk\/wp-content\/uploads\/2023\/02\/DSC00753-scaled.jpg\" title=\"DSC00753\" alt=\"DSC00753\" loading=\"lazy\" \/>\t\t\t\t\t\t\t\t\t\t\t\t\t\t\t<\/div>\n\t\t\t\t<\/div>\n\t\t\t\t<div class=\"elementor-element elementor-element-b47eec4 elementor-widget elementor-widget-image\" data-id=\"b47eec4\" data-element_type=\"widget\" data-widget_type=\"image.default\">\n\t\t\t\t<div class=\"elementor-widget-container\">\n\t\t\t\t\t\t\t\t\t\t\t\t\t\t\t<img decoding=\"async\" src=\"https:\/\/notarglonekova.sk\/wp-content\/uploads\/2024\/03\/IMG_3684-scaled.jpg\" title=\"IMG_3684\" alt=\"IMG_3684\" loading=\"lazy\" \/>\t\t\t\t\t\t\t\t\t\t\t\t\t\t\t<\/div>\n\t\t\t\t<\/div>\n\t\t\t\t<div class=\"elementor-element elementor-element-2700d65 elementor-widget elementor-widget-image\" data-id=\"2700d65\" data-element_type=\"widget\" data-widget_type=\"image.default\">\n\t\t\t\t<div class=\"elementor-widget-container\">\n\t\t\t\t\t\t\t\t\t\t\t\t\t\t\t<img decoding=\"async\" src=\"https:\/\/notarglonekova.sk\/wp-content\/uploads\/2024\/03\/IMG_3685-scaled.jpg\" title=\"IMG_3685\" alt=\"IMG_3685\" loading=\"lazy\" \/>\t\t\t\t\t\t\t\t\t\t\t\t\t\t\t<\/div>\n\t\t\t\t<\/div>\n\t\t\t\t<div class=\"elementor-element elementor-element-6ae086e elementor-widget elementor-widget-image\" data-id=\"6ae086e\" data-element_type=\"widget\" data-widget_type=\"image.default\">\n\t\t\t\t<div class=\"elementor-widget-container\">\n\t\t\t\t\t\t\t\t\t\t\t\t\t\t\t<img decoding=\"async\" src=\"https:\/\/notarglonekova.sk\/wp-content\/uploads\/2024\/03\/IMG_3686-scaled.jpg\" title=\"IMG_3686\" alt=\"IMG_3686\" loading=\"lazy\" \/>\t\t\t\t\t\t\t\t\t\t\t\t\t\t\t<\/div>\n\t\t\t\t<\/div>\n\t\t\t\t<div class=\"elementor-element elementor-element-cff89df elementor-widget elementor-widget-image\" data-id=\"cff89df\" data-element_type=\"widget\" data-widget_type=\"image.default\">\n\t\t\t\t<div class=\"elementor-widget-container\">\n\t\t\t\t\t\t\t\t\t\t\t\t\t\t\t<img decoding=\"async\" src=\"https:\/\/notarglonekova.sk\/wp-content\/uploads\/2023\/02\/DSC00772-1-scaled.jpg\" title=\"DSC00772-1\" alt=\"DSC00772-1\" loading=\"lazy\" \/>\t\t\t\t\t\t\t\t\t\t\t\t\t\t\t<\/div>\n\t\t\t\t<\/div>\n\t\t\t\t<div class=\"elementor-element elementor-element-419d548 elementor-widget elementor-widget-image\" data-id=\"419d548\" data-element_type=\"widget\" data-widget_type=\"image.default\">\n\t\t\t\t<div class=\"elementor-widget-container\">\n\t\t\t\t\t\t\t\t\t\t\t\t\t\t\t<img decoding=\"async\" src=\"https:\/\/notarglonekova.sk\/wp-content\/uploads\/2023\/03\/IMG_1806-scaled.jpg\" title=\"IMG_1806\" alt=\"IMG_1806\" loading=\"lazy\" \/>\t\t\t\t\t\t\t\t\t\t\t\t\t\t\t<\/div>\n\t\t\t\t<\/div>\n\t\t\t\t<div class=\"elementor-element elementor-element-e084bd5 elementor-widget elementor-widget-image\" data-id=\"e084bd5\" data-element_type=\"widget\" data-widget_type=\"image.default\">\n\t\t\t\t<div class=\"elementor-widget-container\">\n\t\t\t\t\t\t\t\t\t\t\t\t\t\t\t<img decoding=\"async\" src=\"https:\/\/notarglonekova.sk\/wp-content\/uploads\/2023\/03\/IMG_1807-scaled.jpg\" title=\"IMG_1807\" alt=\"IMG_1807\" loading=\"lazy\" \/>\t\t\t\t\t\t\t\t\t\t\t\t\t\t\t<\/div>\n\t\t\t\t<\/div>\n\t\t\t\t<div class=\"elementor-element elementor-element-a2b64c8 elementor-widget elementor-widget-image\" data-id=\"a2b64c8\" data-element_type=\"widget\" data-widget_type=\"image.default\">\n\t\t\t\t<div class=\"elementor-widget-container\">\n\t\t\t\t\t\t\t\t\t\t\t\t\t\t\t<img decoding=\"async\" src=\"https:\/\/notarglonekova.sk\/wp-content\/uploads\/2023\/02\/IMG_1686.jpg\" title=\"IMG_1686\" alt=\"IMG_1686\" loading=\"lazy\" \/>\t\t\t\t\t\t\t\t\t\t\t\t\t\t\t<\/div>\n\t\t\t\t<\/div>\n\t\t\t\t<div class=\"elementor-element elementor-element-5161186 elementor-widget elementor-widget-image\" data-id=\"5161186\" data-element_type=\"widget\" data-widget_type=\"image.default\">\n\t\t\t\t<div class=\"elementor-widget-container\">\n\t\t\t\t\t\t\t\t\t\t\t\t\t\t\t<img decoding=\"async\" src=\"https:\/\/notarglonekova.sk\/wp-content\/uploads\/2024\/03\/IMG_2142-scaled.jpg\" title=\"IMG_2142\" alt=\"IMG_2142\" loading=\"lazy\" \/>\t\t\t\t\t\t\t\t\t\t\t\t\t\t\t<\/div>\n\t\t\t\t<\/div>\n\t\t\t\t<div class=\"elementor-element elementor-element-fe63214 elementor-widget elementor-widget-image\" data-id=\"fe63214\" data-element_type=\"widget\" data-widget_type=\"image.default\">\n\t\t\t\t<div class=\"elementor-widget-container\">\n\t\t\t\t\t\t\t\t\t\t\t\t\t\t\t<img decoding=\"async\" src=\"https:\/\/notarglonekova.sk\/wp-content\/uploads\/2023\/03\/IMG_1802-scaled.jpg\" title=\"IMG_1802\" alt=\"IMG_1802\" loading=\"lazy\" \/>\t\t\t\t\t\t\t\t\t\t\t\t\t\t\t<\/div>\n\t\t\t\t<\/div>\n\t\t\t\t<div class=\"elementor-element elementor-element-3c84e29 elementor-widget elementor-widget-image\" data-id=\"3c84e29\" data-element_type=\"widget\" data-widget_type=\"image.default\">\n\t\t\t\t<div class=\"elementor-widget-container\">\n\t\t\t\t\t\t\t\t\t\t\t\t\t\t\t<img decoding=\"async\" src=\"https:\/\/notarglonekova.sk\/wp-content\/uploads\/2024\/03\/IMG_2140-scaled.jpg\" title=\"IMG_2140\" alt=\"IMG_2140\" loading=\"lazy\" \/>\t\t\t\t\t\t\t\t\t\t\t\t\t\t\t<\/div>\n\t\t\t\t<\/div>\n\t\t\t\t\t<\/div>\n\t\t<\/div>\n\t\t\t\t\t<\/div>\n\t\t<\/section>\n\t\t\t\t<\/div>\n\t\t","protected":false},"excerpt":{"rendered":"<p>Gal\u00e9ria Prezrite si priestory n\u00e1\u0161ho Not\u00e1rskeho \u00faradu<\/p>\n","protected":false},"author":1,"featured_media":0,"parent":0,"menu_order":9,"comment_status":"closed","ping_status":"closed","template":"","meta":{"_monsterinsights_skip_tracking":false,"_monsterinsights_sitenote_active":false,"_monsterinsights_sitenote_note":"","_monsterinsights_sitenote_category":0,"site-sidebar-layout":"no-sidebar","site-content-layout":"page-builder","ast-site-content-layout":"full-width-container","site-content-style":"unboxed","site-sidebar-style":"unboxed","ast-global-header-display":"","ast-banner-title-visibility":"","ast-main-header-display":"","ast-hfb-above-header-display":"","ast-hfb-below-header-display":"","ast-hfb-mobile-header-display":"","site-post-title":"disabled","ast-breadcrumbs-content":"","ast-featured-img":"disabled","footer-sml-layout":"","theme-transparent-header-meta":"","adv-header-id-meta":"","stick-header-meta":"","header-above-stick-meta":"","header-main-stick-meta":"","header-below-stick-meta":"","astra-migrate-meta-layouts":"set","ast-page-background-enabled":"default","ast-page-background-meta":{"desktop":{"background-color":"var(--ast-global-color-4)","background-image":"","background-repeat":"repeat","background-position":"center center","background-size":"auto","background-attachment":"scroll","background-type":"","background-media":"","overlay-type":"","overlay-color":"","overlay-gradient":""},"tablet":{"background-color":"","background-image":"","background-repeat":"repeat","background-position":"center center","background-size":"auto","background-attachment":"scroll","background-type":"","background-media":"","overlay-type":"","overlay-color":"","overlay-gradient":""},"mobile":{"background-color":"","background-image":"","background-repeat":"repeat","background-position":"center center","background-size":"auto","background-attachment":"scroll","background-type":"","background-media":"","overlay-type":"","overlay-color":"","overlay-gradient":""}},"ast-content-background-meta":{"desktop":{"background-color":"var(--ast-global-color-5)","background-image":"","background-repeat":"repeat","background-position":"center center","background-size":"auto","background-attachment":"scroll","background-type":"","background-media":"","overlay-type":"","overlay-color":"","overlay-gradient":""},"tablet":{"background-color":"var(--ast-global-color-5)","background-image":"","background-repeat":"repeat","background-position":"center center","background-size":"auto","background-attachment":"scroll","background-type":"","background-media":"","overlay-type":"","overlay-color":"","overlay-gradient":""},"mobile":{"background-color":"var(--ast-global-color-5)","background-image":"","background-repeat":"repeat","background-position":"center center","background-size":"auto","background-attachment":"scroll","background-type":"","background-media":"","overlay-type":"","overlay-color":"","overlay-gradient":""}},"footnotes":""},"yoast_head":"<!-- This site is optimized with the Yoast SEO plugin v23.5 - https:\/\/yoast.com\/wordpress\/plugins\/seo\/ -->\n<title>Gal\u00e9ria -<\/title>\n<meta name=\"description\" content=\"Prezrite si priestory n\u00e1\u0161ho Not\u00e1rskeho \u00faradu.\" \/>\n<meta name=\"robots\" content=\"index, follow, max-snippet:-1, max-image-preview:large, max-video-preview:-1\" \/>\n<link rel=\"canonical\" href=\"https:\/\/notarglonekova.sk\/?page_id=903\" \/>\n<meta property=\"og:locale\" content=\"sk_SK\" \/>\n<meta property=\"og:type\" content=\"article\" \/>\n<meta property=\"og:title\" content=\"Gal\u00e9ria -\" \/>\n<meta property=\"og:description\" content=\"Prezrite si priestory n\u00e1\u0161ho Not\u00e1rskeho \u00faradu.\" \/>\n<meta property=\"og:url\" content=\"https:\/\/notarglonekova.sk\/?page_id=903\" \/>\n<meta property=\"article:modified_time\" content=\"2024-03-14T07:33:15+00:00\" \/>\n<meta property=\"og:image\" content=\"http:\/\/notarglonekova.sk\/wp-content\/uploads\/elementor\/thumbs\/IMG_1681-q2tprs0r4w12o4sgwjl4vjr42le866kudkf3o1twg8.jpg\" \/>\n<meta name=\"twitter:card\" content=\"summary_large_image\" \/>\n<meta name=\"twitter:label1\" content=\"Predpokladan\u00fd \u010das \u010d\u00edtania\" \/>\n\t<meta name=\"twitter:data1\" content=\"4 min\u00faty\" \/>\n<script type=\"application\/ld+json\" class=\"yoast-schema-graph\">{\"@context\":\"https:\/\/schema.org\",\"@graph\":[{\"@type\":\"WebPage\",\"@id\":\"https:\/\/notarglonekova.sk\/?page_id=903\",\"url\":\"https:\/\/notarglonekova.sk\/?page_id=903\",\"name\":\"Gal\u00e9ria -\",\"isPartOf\":{\"@id\":\"https:\/\/notarglonekova.sk\/#website\"},\"primaryImageOfPage\":{\"@id\":\"https:\/\/notarglonekova.sk\/?page_id=903#primaryimage\"},\"image\":{\"@id\":\"https:\/\/notarglonekova.sk\/?page_id=903#primaryimage\"},\"thumbnailUrl\":\"http:\/\/notarglonekova.sk\/wp-content\/uploads\/elementor\/thumbs\/IMG_1681-q2tprs0r4w12o4sgwjl4vjr42le866kudkf3o1twg8.jpg\",\"datePublished\":\"2023-02-24T14:00:46+00:00\",\"dateModified\":\"2024-03-14T07:33:15+00:00\",\"description\":\"Prezrite si priestory n\u00e1\u0161ho Not\u00e1rskeho \u00faradu.\",\"breadcrumb\":{\"@id\":\"https:\/\/notarglonekova.sk\/?page_id=903#breadcrumb\"},\"inLanguage\":\"sk-SK\",\"potentialAction\":[{\"@type\":\"ReadAction\",\"target\":[\"https:\/\/notarglonekova.sk\/?page_id=903\"]}]},{\"@type\":\"ImageObject\",\"inLanguage\":\"sk-SK\",\"@id\":\"https:\/\/notarglonekova.sk\/?page_id=903#primaryimage\",\"url\":\"http:\/\/notarglonekova.sk\/wp-content\/uploads\/elementor\/thumbs\/IMG_1681-q2tprs0r4w12o4sgwjl4vjr42le866kudkf3o1twg8.jpg\",\"contentUrl\":\"http:\/\/notarglonekova.sk\/wp-content\/uploads\/elementor\/thumbs\/IMG_1681-q2tprs0r4w12o4sgwjl4vjr42le866kudkf3o1twg8.jpg\"},{\"@type\":\"BreadcrumbList\",\"@id\":\"https:\/\/notarglonekova.sk\/?page_id=903#breadcrumb\",\"itemListElement\":[{\"@type\":\"ListItem\",\"position\":1,\"name\":\"Domovsk\u00e1 str\u00e1nka\",\"item\":\"https:\/\/notarglonekova.sk\/\"},{\"@type\":\"ListItem\",\"position\":2,\"name\":\"Gal\u00e9ria\"}]},{\"@type\":\"WebSite\",\"@id\":\"https:\/\/notarglonekova.sk\/#website\",\"url\":\"https:\/\/notarglonekova.sk\/\",\"name\":\"https:\/\/notarglonekova.sk\/\",\"description\":\"Not\u00e1r v centre Ve\u013ek\u00e9ho Medera\",\"publisher\":{\"@id\":\"https:\/\/notarglonekova.sk\/#organization\"},\"potentialAction\":[{\"@type\":\"SearchAction\",\"target\":{\"@type\":\"EntryPoint\",\"urlTemplate\":\"https:\/\/notarglonekova.sk\/?s={search_term_string}\"},\"query-input\":{\"@type\":\"PropertyValueSpecification\",\"valueRequired\":true,\"valueName\":\"search_term_string\"}}],\"inLanguage\":\"sk-SK\"},{\"@type\":\"Organization\",\"@id\":\"https:\/\/notarglonekova.sk\/#organization\",\"name\":\"JUDr. Mgr. Sabina Glonekov\u00e1, not\u00e1r\",\"url\":\"https:\/\/notarglonekova.sk\/\",\"logo\":{\"@type\":\"ImageObject\",\"inLanguage\":\"sk-SK\",\"@id\":\"https:\/\/notarglonekova.sk\/#\/schema\/logo\/image\/\",\"url\":\"http:\/\/notarglonekova.sk\/wp-content\/uploads\/2023\/02\/Justice.jpg\",\"contentUrl\":\"http:\/\/notarglonekova.sk\/wp-content\/uploads\/2023\/02\/Justice.jpg\",\"width\":1180,\"height\":560,\"caption\":\"JUDr. Mgr. Sabina Glonekov\u00e1, not\u00e1r\"},\"image\":{\"@id\":\"https:\/\/notarglonekova.sk\/#\/schema\/logo\/image\/\"}}]}<\/script>\n<!-- \/ Yoast SEO plugin. -->","yoast_head_json":{"title":"Gal\u00e9ria -","description":"Prezrite si priestory n\u00e1\u0161ho Not\u00e1rskeho \u00faradu.","robots":{"index":"index","follow":"follow","max-snippet":"max-snippet:-1","max-image-preview":"max-image-preview:large","max-video-preview":"max-video-preview:-1"},"canonical":"https:\/\/notarglonekova.sk\/?page_id=903","og_locale":"sk_SK","og_type":"article","og_title":"Gal\u00e9ria -","og_description":"Prezrite si priestory n\u00e1\u0161ho Not\u00e1rskeho \u00faradu.","og_url":"https:\/\/notarglonekova.sk\/?page_id=903","article_modified_time":"2024-03-14T07:33:15+00:00","og_image":[{"url":"http:\/\/notarglonekova.sk\/wp-content\/uploads\/elementor\/thumbs\/IMG_1681-q2tprs0r4w12o4sgwjl4vjr42le866kudkf3o1twg8.jpg"}],"twitter_card":"summary_large_image","twitter_misc":{"Predpokladan\u00fd \u010das \u010d\u00edtania":"4 min\u00faty"},"schema":{"@context":"https:\/\/schema.org","@graph":[{"@type":"WebPage","@id":"https:\/\/notarglonekova.sk\/?page_id=903","url":"https:\/\/notarglonekova.sk\/?page_id=903","name":"Gal\u00e9ria -","isPartOf":{"@id":"https:\/\/notarglonekova.sk\/#website"},"primaryImageOfPage":{"@id":"https:\/\/notarglonekova.sk\/?page_id=903#primaryimage"},"image":{"@id":"https:\/\/notarglonekova.sk\/?page_id=903#primaryimage"},"thumbnailUrl":"http:\/\/notarglonekova.sk\/wp-content\/uploads\/elementor\/thumbs\/IMG_1681-q2tprs0r4w12o4sgwjl4vjr42le866kudkf3o1twg8.jpg","datePublished":"2023-02-24T14:00:46+00:00","dateModified":"2024-03-14T07:33:15+00:00","description":"Prezrite si priestory n\u00e1\u0161ho Not\u00e1rskeho \u00faradu.","breadcrumb":{"@id":"https:\/\/notarglonekova.sk\/?page_id=903#breadcrumb"},"inLanguage":"sk-SK","potentialAction":[{"@type":"ReadAction","target":["https:\/\/notarglonekova.sk\/?page_id=903"]}]},{"@type":"ImageObject","inLanguage":"sk-SK","@id":"https:\/\/notarglonekova.sk\/?page_id=903#primaryimage","url":"http:\/\/notarglonekova.sk\/wp-content\/uploads\/elementor\/thumbs\/IMG_1681-q2tprs0r4w12o4sgwjl4vjr42le866kudkf3o1twg8.jpg","contentUrl":"http:\/\/notarglonekova.sk\/wp-content\/uploads\/elementor\/thumbs\/IMG_1681-q2tprs0r4w12o4sgwjl4vjr42le866kudkf3o1twg8.jpg"},{"@type":"BreadcrumbList","@id":"https:\/\/notarglonekova.sk\/?page_id=903#breadcrumb","itemListElement":[{"@type":"ListItem","position":1,"name":"Domovsk\u00e1 str\u00e1nka","item":"https:\/\/notarglonekova.sk\/"},{"@type":"ListItem","position":2,"name":"Gal\u00e9ria"}]},{"@type":"WebSite","@id":"https:\/\/notarglonekova.sk\/#website","url":"https:\/\/notarglonekova.sk\/","name":"https:\/\/notarglonekova.sk\/","description":"Not\u00e1r v centre Ve\u013ek\u00e9ho Medera","publisher":{"@id":"https:\/\/notarglonekova.sk\/#organization"},"potentialAction":[{"@type":"SearchAction","target":{"@type":"EntryPoint","urlTemplate":"https:\/\/notarglonekova.sk\/?s={search_term_string}"},"query-input":{"@type":"PropertyValueSpecification","valueRequired":true,"valueName":"search_term_string"}}],"inLanguage":"sk-SK"},{"@type":"Organization","@id":"https:\/\/notarglonekova.sk\/#organization","name":"JUDr. Mgr. Sabina Glonekov\u00e1, not\u00e1r","url":"https:\/\/notarglonekova.sk\/","logo":{"@type":"ImageObject","inLanguage":"sk-SK","@id":"https:\/\/notarglonekova.sk\/#\/schema\/logo\/image\/","url":"http:\/\/notarglonekova.sk\/wp-content\/uploads\/2023\/02\/Justice.jpg","contentUrl":"http:\/\/notarglonekova.sk\/wp-content\/uploads\/2023\/02\/Justice.jpg","width":1180,"height":560,"caption":"JUDr. Mgr. Sabina Glonekov\u00e1, not\u00e1r"},"image":{"@id":"https:\/\/notarglonekova.sk\/#\/schema\/logo\/image\/"}}]}},"_links":{"self":[{"href":"https:\/\/notarglonekova.sk\/index.php?rest_route=\/wp\/v2\/pages\/903"}],"collection":[{"href":"https:\/\/notarglonekova.sk\/index.php?rest_route=\/wp\/v2\/pages"}],"about":[{"href":"https:\/\/notarglonekova.sk\/index.php?rest_route=\/wp\/v2\/types\/page"}],"author":[{"embeddable":true,"href":"https:\/\/notarglonekova.sk\/index.php?rest_route=\/wp\/v2\/users\/1"}],"replies":[{"embeddable":true,"href":"https:\/\/notarglonekova.sk\/index.php?rest_route=%2Fwp%2Fv2%2Fcomments&post=903"}],"version-history":[{"count":6,"href":"https:\/\/notarglonekova.sk\/index.php?rest_route=\/wp\/v2\/pages\/903\/revisions"}],"predecessor-version":[{"id":1088,"href":"https:\/\/notarglonekova.sk\/index.php?rest_route=\/wp\/v2\/pages\/903\/revisions\/1088"}],"wp:attachment":[{"href":"https:\/\/notarglonekova.sk\/index.php?rest_route=%2Fwp%2Fv2%2Fmedia&parent=903"}],"curies":[{"name":"wp","href":"https:\/\/api.w.org\/{rel}","templated":true}]}}