{"id":573,"date":"2023-02-23T10:48:30","date_gmt":"2023-02-23T09:48:30","guid":{"rendered":"http:\/\/notarglonekova.sk\/?page_id=573"},"modified":"2023-03-28T14:12:45","modified_gmt":"2023-03-28T12:12:45","slug":"zavet","status":"publish","type":"page","link":"https:\/\/notarglonekova.sk\/?page_id=573","title":{"rendered":"<strong><em>Z\u00e1vet<\/em><\/strong>"},"content":{"rendered":"\t\t<div data-elementor-type=\"wp-page\" data-elementor-id=\"573\" class=\"elementor elementor-573\">\n\t\t\t\t\t\t<section class=\"elementor-section elementor-top-section elementor-element elementor-element-50b145b4 elementor-section-boxed elementor-section-height-default elementor-section-height-default\" data-id=\"50b145b4\" data-element_type=\"section\" data-settings=\"{&quot;background_background&quot;:&quot;video&quot;}\">\n\t\t\t\t\t\t\t<div class=\"elementor-background-overlay\"><\/div>\n\t\t\t\t\t\t\t<div class=\"elementor-container elementor-column-gap-default\">\n\t\t\t\t\t<div class=\"elementor-column elementor-col-100 elementor-top-column elementor-element elementor-element-1c100280\" data-id=\"1c100280\" data-element_type=\"column\">\n\t\t\t<div class=\"elementor-widget-wrap elementor-element-populated\">\n\t\t\t\t\t\t<div class=\"elementor-element elementor-element-77b3dfe0 elementor-widget-divider--view-line elementor-invisible elementor-widget elementor-widget-divider\" data-id=\"77b3dfe0\" data-element_type=\"widget\" data-settings=\"{&quot;_animation&quot;:&quot;fadeInUp&quot;}\" data-widget_type=\"divider.default\">\n\t\t\t\t<div class=\"elementor-widget-container\">\n\t\t\t\t\t\t\t<div class=\"elementor-divider\">\n\t\t\t<span class=\"elementor-divider-separator\">\n\t\t\t\t\t\t<\/span>\n\t\t<\/div>\n\t\t\t\t\t\t<\/div>\n\t\t\t\t<\/div>\n\t\t\t\t<div class=\"elementor-element elementor-element-2c5bed8c elementor-invisible elementor-widget elementor-widget-heading\" data-id=\"2c5bed8c\" data-element_type=\"widget\" data-settings=\"{&quot;_animation&quot;:&quot;fadeInLeft&quot;,&quot;_animation_delay&quot;:300}\" data-widget_type=\"heading.default\">\n\t\t\t\t<div class=\"elementor-widget-container\">\n\t\t\t\t\t<h1 class=\"elementor-heading-title elementor-size-default\">Z\u00e1vet<\/h1>\t\t\t\t<\/div>\n\t\t\t\t<\/div>\n\t\t\t\t\t<\/div>\n\t\t<\/div>\n\t\t\t\t\t<\/div>\n\t\t<\/section>\n\t\t\t\t<section class=\"elementor-section elementor-top-section elementor-element elementor-element-16c8d883 elementor-section-boxed elementor-section-height-default elementor-section-height-default\" data-id=\"16c8d883\" data-element_type=\"section\">\n\t\t\t\t\t\t<div class=\"elementor-container elementor-column-gap-default\">\n\t\t\t\t\t<div class=\"elementor-column elementor-col-100 elementor-top-column elementor-element elementor-element-754244b8\" data-id=\"754244b8\" data-element_type=\"column\">\n\t\t\t<div class=\"elementor-widget-wrap elementor-element-populated\">\n\t\t\t\t\t\t<div class=\"elementor-element elementor-element-3a20aa63 elementor-invisible elementor-widget elementor-widget-heading\" data-id=\"3a20aa63\" data-element_type=\"widget\" data-settings=\"{&quot;_animation&quot;:&quot;fadeInLeft&quot;}\" data-widget_type=\"heading.default\">\n\t\t\t\t<div class=\"elementor-widget-container\">\n\t\t\t\t\t<h2 class=\"elementor-heading-title elementor-size-default\">Z\u00e1vet<\/h2>\t\t\t\t<\/div>\n\t\t\t\t<\/div>\n\t\t\t\t\t<\/div>\n\t\t<\/div>\n\t\t\t\t\t<\/div>\n\t\t<\/section>\n\t\t\t\t<section class=\"elementor-section elementor-top-section elementor-element elementor-element-2869a6f4 elementor-section-boxed elementor-section-height-default elementor-section-height-default elementor-invisible\" data-id=\"2869a6f4\" data-element_type=\"section\" data-settings=\"{&quot;animation&quot;:&quot;fadeInUp&quot;}\">\n\t\t\t\t\t\t<div class=\"elementor-container elementor-column-gap-default\">\n\t\t\t\t\t<div class=\"elementor-column elementor-col-50 elementor-top-column elementor-element elementor-element-5d5f7b69\" data-id=\"5d5f7b69\" data-element_type=\"column\">\n\t\t\t<div class=\"elementor-widget-wrap elementor-element-populated\">\n\t\t\t\t\t\t<div class=\"elementor-element elementor-element-3fc774a1 elementor-widget elementor-widget-image\" data-id=\"3fc774a1\" data-element_type=\"widget\" data-widget_type=\"image.default\">\n\t\t\t\t<div class=\"elementor-widget-container\">\n\t\t\t\t\t\t\t\t\t\t\t\t\t\t\t<img decoding=\"async\" src=\"https:\/\/notarglonekova.sk\/wp-content\/uploads\/2023\/02\/dedenie-zavet.jpg\" title=\"dedenie-zavet\" alt=\"dedenie-zavet\" loading=\"lazy\" \/>\t\t\t\t\t\t\t\t\t\t\t\t\t\t\t<\/div>\n\t\t\t\t<\/div>\n\t\t\t\t\t<\/div>\n\t\t<\/div>\n\t\t\t\t<div class=\"elementor-column elementor-col-50 elementor-top-column elementor-element elementor-element-6de69643\" data-id=\"6de69643\" data-element_type=\"column\">\n\t\t\t<div class=\"elementor-widget-wrap elementor-element-populated\">\n\t\t\t\t\t\t<div class=\"elementor-element elementor-element-455af607 elementor-drop-cap-yes elementor-drop-cap-view-default elementor-widget elementor-widget-text-editor\" data-id=\"455af607\" data-element_type=\"widget\" data-settings=\"{&quot;drop_cap&quot;:&quot;yes&quot;}\" data-widget_type=\"text-editor.default\">\n\t\t\t\t<div class=\"elementor-widget-container\">\n\t\t\t\t\t\t\t\t\t<p>Poskytujeme komplexn\u00e9 pr\u00e1vne poradenstvo t\u00fdkaj\u00face sa sp\u00edsania z\u00e1vetu, listiny o\u00a0vydeden\u00ed, vyhl\u00e1senia o\u00a0vo\u013ebe pr\u00e1va alebo odvolania t\u00fdchto \u00fakonov.<\/p>\t\t\t\t\t\t\t\t<\/div>\n\t\t\t\t<\/div>\n\t\t\t\t\t<\/div>\n\t\t<\/div>\n\t\t\t\t\t<\/div>\n\t\t<\/section>\n\t\t\t\t<section class=\"elementor-section elementor-top-section elementor-element elementor-element-394c02fc elementor-section-boxed elementor-section-height-default elementor-section-height-default\" data-id=\"394c02fc\" data-element_type=\"section\" data-settings=\"{&quot;background_background&quot;:&quot;classic&quot;}\">\n\t\t\t\t\t\t\t<div class=\"elementor-background-overlay\"><\/div>\n\t\t\t\t\t\t\t<div class=\"elementor-container elementor-column-gap-default\">\n\t\t\t\t\t<div class=\"elementor-column elementor-col-100 elementor-top-column elementor-element elementor-element-b63eaaa\" data-id=\"b63eaaa\" data-element_type=\"column\">\n\t\t\t<div class=\"elementor-widget-wrap elementor-element-populated\">\n\t\t\t\t\t\t<div class=\"elementor-element elementor-element-4f61ea7 elementor-invisible elementor-widget elementor-widget-heading\" data-id=\"4f61ea7\" data-element_type=\"widget\" data-settings=\"{&quot;_animation&quot;:&quot;fadeInUp&quot;}\" data-widget_type=\"heading.default\">\n\t\t\t\t<div class=\"elementor-widget-container\">\n\t\t\t\t\t<h2 class=\"elementor-heading-title elementor-size-default\">V\u00fdhody vyu\u017eitia slu\u017eieb not\u00e1ra pri sp\u00edsan\u00ed listiny pre pr\u00edpad smrti:<br><\/h2>\t\t\t\t<\/div>\n\t\t\t\t<\/div>\n\t\t\t\t<div class=\"elementor-element elementor-element-661a9147 elementor-invisible elementor-widget elementor-widget-text-editor\" data-id=\"661a9147\" data-element_type=\"widget\" data-settings=\"{&quot;_animation&quot;:&quot;fadeInUp&quot;,&quot;_animation_delay&quot;:400}\" data-widget_type=\"text-editor.default\">\n\t\t\t\t<div class=\"elementor-widget-container\">\n\t\t\t\t\t\t\t\t\t<ul>\n<li>\u00fakony pre pr\u00edpad smrti s\u00fa sp\u00edsan\u00e9 vo forme not\u00e1rskej z\u00e1pisnice, ktor\u00e1 je verejnou listinou a disponuje vy\u0161\u0161ou d\u00f4kaznou silou ako z\u00e1vet sp\u00edsan\u00fd ako s\u00fakromn\u00e1 listina,<\/li>\n<li>garancia, \u017ee \u00fakon bude pr\u00e1vne perfektn\u00fd, sp\u00edsan\u00fd v s\u00falade s platn\u00fdmi pr\u00e1vnymi predpismi,<\/li>\n<li>istota pre z\u00e1vetcu, \u017ee v pr\u00edpade jeho smrti sa v konan\u00ed o dedi\u010dstve na jeho listinu zriaden\u00fa pre pr\u00edpad smrti bude prihliada\u0165, nako\u013eko t\u00e1to listina je registrovan\u00e1 v Not\u00e1rskom centr\u00e1lnom registri z\u00e1vetov (NCRza) a ulo\u017een\u00e1 v Not\u00e1rskom centr\u00e1lnom registri list\u00edn (NCRls), \u010do vylu\u010duje jej stratu, po\u0161kodenie, \u010di zni\u010denie, \u010d\u00edm je zabezpe\u010den\u00e1 jej existencia v pr\u00edpade konania o dedi\u010dstve.<\/li>\n<\/ul>\t\t\t\t\t\t\t\t<\/div>\n\t\t\t\t<\/div>\n\t\t\t\t\t<\/div>\n\t\t<\/div>\n\t\t\t\t\t<\/div>\n\t\t<\/section>\n\t\t\t\t<section class=\"elementor-section elementor-top-section elementor-element elementor-element-6163044 elementor-section-boxed elementor-section-height-default elementor-section-height-default\" data-id=\"6163044\" data-element_type=\"section\" data-settings=\"{&quot;background_background&quot;:&quot;classic&quot;}\">\n\t\t\t\t\t\t<div class=\"elementor-container elementor-column-gap-default\">\n\t\t\t\t\t<div class=\"elementor-column elementor-col-100 elementor-top-column elementor-element elementor-element-523947ad\" data-id=\"523947ad\" data-element_type=\"column\">\n\t\t\t<div class=\"elementor-widget-wrap elementor-element-populated\">\n\t\t\t\t\t\t<div class=\"elementor-element elementor-element-27ff6420 elementor-widget-divider--view-line elementor-invisible elementor-widget elementor-widget-divider\" data-id=\"27ff6420\" data-element_type=\"widget\" data-settings=\"{&quot;_animation&quot;:&quot;fadeInUp&quot;}\" data-widget_type=\"divider.default\">\n\t\t\t\t<div class=\"elementor-widget-container\">\n\t\t\t\t\t\t\t<div class=\"elementor-divider\">\n\t\t\t<span class=\"elementor-divider-separator\">\n\t\t\t\t\t\t<\/span>\n\t\t<\/div>\n\t\t\t\t\t\t<\/div>\n\t\t\t\t<\/div>\n\t\t\t\t<div class=\"elementor-element elementor-element-1414401e elementor-invisible elementor-widget elementor-widget-heading\" data-id=\"1414401e\" data-element_type=\"widget\" data-settings=\"{&quot;_animation&quot;:&quot;fadeInUp&quot;}\" data-widget_type=\"heading.default\">\n\t\t\t\t<div class=\"elementor-widget-container\">\n\t\t\t\t\t<h3 class=\"elementor-heading-title elementor-size-default\">Zva\u017eujete sp\u00edsanie z\u00e1vetu?<\/h3>\t\t\t\t<\/div>\n\t\t\t\t<\/div>\n\t\t\t\t<div class=\"elementor-element elementor-element-118d3c7b elementor-align-center elementor-widget elementor-widget-button\" data-id=\"118d3c7b\" data-element_type=\"widget\" data-widget_type=\"button.default\">\n\t\t\t\t<div class=\"elementor-widget-container\">\n\t\t\t\t\t\t\t\t\t<div class=\"elementor-button-wrapper\">\n\t\t\t\t\t<a class=\"elementor-button elementor-button-link elementor-size-sm\" href=\"http:\/\/notarglonekova.sk\/?page_id=267\">\n\t\t\t\t\t\t<span class=\"elementor-button-content-wrapper\">\n\t\t\t\t\t\t\t\t\t<span class=\"elementor-button-text\">Kontaktujte n\u00e1s<\/span>\n\t\t\t\t\t<\/span>\n\t\t\t\t\t<\/a>\n\t\t\t\t<\/div>\n\t\t\t\t\t\t\t\t<\/div>\n\t\t\t\t<\/div>\n\t\t\t\t\t<\/div>\n\t\t<\/div>\n\t\t\t\t\t<\/div>\n\t\t<\/section>\n\t\t\t\t<\/div>\n\t\t","protected":false},"excerpt":{"rendered":"<p>Z\u00e1vet Z\u00e1vet Poskytujeme komplexn\u00e9 pr\u00e1vne poradenstvo t\u00fdkaj\u00face sa sp\u00edsania z\u00e1vetu, listiny o&nbsp;vydeden\u00ed, vyhl\u00e1senia o&nbsp;vo\u013ebe pr\u00e1va alebo odvolania t\u00fdchto \u00fakonov. V\u00fdhody vyu\u017eitia slu\u017eieb not\u00e1ra pri sp\u00edsan\u00ed listiny pre pr\u00edpad smrti: \u00fakony pre pr\u00edpad smrti s\u00fa sp\u00edsan\u00e9 vo forme not\u00e1rskej z\u00e1pisnice, ktor\u00e1 je verejnou listinou a disponuje vy\u0161\u0161ou d\u00f4kaznou silou ako z\u00e1vet sp\u00edsan\u00fd ako s\u00fakromn\u00e1 listina, garancia, [&hellip;]<\/p>\n","protected":false},"author":1,"featured_media":0,"parent":550,"menu_order":3,"comment_status":"closed","ping_status":"closed","template":"","meta":{"_monsterinsights_skip_tracking":false,"_monsterinsights_sitenote_active":false,"_monsterinsights_sitenote_note":"","_monsterinsights_sitenote_category":0,"site-sidebar-layout":"no-sidebar","site-content-layout":"page-builder","ast-site-content-layout":"","site-content-style":"default","site-sidebar-style":"default","ast-global-header-display":"","ast-banner-title-visibility":"","ast-main-header-display":"","ast-hfb-above-header-display":"","ast-hfb-below-header-display":"","ast-hfb-mobile-header-display":"","site-post-title":"disabled","ast-breadcrumbs-content":"","ast-featured-img":"disabled","footer-sml-layout":"","theme-transparent-header-meta":"","adv-header-id-meta":"","stick-header-meta":"","header-above-stick-meta":"","header-main-stick-meta":"","header-below-stick-meta":"","astra-migrate-meta-layouts":"default","ast-page-background-enabled":"default","ast-page-background-meta":{"desktop":{"background-color":"var(--ast-global-color-4)","background-image":"","background-repeat":"repeat","background-position":"center center","background-size":"auto","background-attachment":"scroll","background-type":"","background-media":"","overlay-type":"","overlay-color":"","overlay-gradient":""},"tablet":{"background-color":"","background-image":"","background-repeat":"repeat","background-position":"center center","background-size":"auto","background-attachment":"scroll","background-type":"","background-media":"","overlay-type":"","overlay-color":"","overlay-gradient":""},"mobile":{"background-color":"","background-image":"","background-repeat":"repeat","background-position":"center center","background-size":"auto","background-attachment":"scroll","background-type":"","background-media":"","overlay-type":"","overlay-color":"","overlay-gradient":""}},"ast-content-background-meta":{"desktop":{"background-color":"var(--ast-global-color-5)","background-image":"","background-repeat":"repeat","background-position":"center center","background-size":"auto","background-attachment":"scroll","background-type":"","background-media":"","overlay-type":"","overlay-color":"","overlay-gradient":""},"tablet":{"background-color":"var(--ast-global-color-5)","background-image":"","background-repeat":"repeat","background-position":"center center","background-size":"auto","background-attachment":"scroll","background-type":"","background-media":"","overlay-type":"","overlay-color":"","overlay-gradient":""},"mobile":{"background-color":"var(--ast-global-color-5)","background-image":"","background-repeat":"repeat","background-position":"center center","background-size":"auto","background-attachment":"scroll","background-type":"","background-media":"","overlay-type":"","overlay-color":"","overlay-gradient":""}},"footnotes":""},"yoast_head":"<!-- This site is optimized with the Yoast SEO plugin v23.5 - https:\/\/yoast.com\/wordpress\/plugins\/seo\/ -->\n<title>Z\u00e1vet -<\/title>\n<meta name=\"description\" content=\"Poskytujeme komplexn\u00e9 pr\u00e1vne poradenstvo t\u00fdkaj\u00face sa sp\u00edsania z\u00e1vetu, listiny o vydeden\u00ed, vyhl\u00e1senia o vo\u013ebe pr\u00e1va alebo odvolania t\u00fdchto \u00fakonov.\" \/>\n<meta name=\"robots\" content=\"index, follow, max-snippet:-1, max-image-preview:large, max-video-preview:-1\" \/>\n<link rel=\"canonical\" href=\"https:\/\/notarglonekova.sk\/?page_id=573\" \/>\n<meta property=\"og:locale\" content=\"sk_SK\" \/>\n<meta property=\"og:type\" content=\"article\" \/>\n<meta property=\"og:title\" content=\"Z\u00e1vet -\" \/>\n<meta property=\"og:description\" content=\"Poskytujeme komplexn\u00e9 pr\u00e1vne poradenstvo t\u00fdkaj\u00face sa sp\u00edsania z\u00e1vetu, listiny o vydeden\u00ed, vyhl\u00e1senia o vo\u013ebe pr\u00e1va alebo odvolania t\u00fdchto \u00fakonov.\" \/>\n<meta property=\"og:url\" content=\"https:\/\/notarglonekova.sk\/?page_id=573\" \/>\n<meta property=\"article:modified_time\" content=\"2023-03-28T12:12:45+00:00\" \/>\n<meta property=\"og:image\" content=\"http:\/\/notarglonekova.sk\/wp-content\/uploads\/elementor\/thumbs\/dedenie-zavet-q2ku80cmf2nt7dt0vd64lqxcpx9szddqub3hw2xj7k.jpg\" \/>\n<meta name=\"twitter:card\" content=\"summary_large_image\" \/>\n<meta name=\"twitter:label1\" content=\"Predpokladan\u00fd \u010das \u010d\u00edtania\" \/>\n\t<meta name=\"twitter:data1\" content=\"2 min\u00faty\" \/>\n<script type=\"application\/ld+json\" class=\"yoast-schema-graph\">{\"@context\":\"https:\/\/schema.org\",\"@graph\":[{\"@type\":\"WebPage\",\"@id\":\"https:\/\/notarglonekova.sk\/?page_id=573\",\"url\":\"https:\/\/notarglonekova.sk\/?page_id=573\",\"name\":\"Z\u00e1vet -\",\"isPartOf\":{\"@id\":\"https:\/\/notarglonekova.sk\/#website\"},\"primaryImageOfPage\":{\"@id\":\"https:\/\/notarglonekova.sk\/?page_id=573#primaryimage\"},\"image\":{\"@id\":\"https:\/\/notarglonekova.sk\/?page_id=573#primaryimage\"},\"thumbnailUrl\":\"http:\/\/notarglonekova.sk\/wp-content\/uploads\/elementor\/thumbs\/dedenie-zavet-q2ku80cmf2nt7dt0vd64lqxcpx9szddqub3hw2xj7k.jpg\",\"datePublished\":\"2023-02-23T09:48:30+00:00\",\"dateModified\":\"2023-03-28T12:12:45+00:00\",\"description\":\"Poskytujeme komplexn\u00e9 pr\u00e1vne poradenstvo t\u00fdkaj\u00face sa sp\u00edsania z\u00e1vetu, listiny o vydeden\u00ed, vyhl\u00e1senia o vo\u013ebe pr\u00e1va alebo odvolania t\u00fdchto \u00fakonov.\",\"breadcrumb\":{\"@id\":\"https:\/\/notarglonekova.sk\/?page_id=573#breadcrumb\"},\"inLanguage\":\"sk-SK\",\"potentialAction\":[{\"@type\":\"ReadAction\",\"target\":[\"https:\/\/notarglonekova.sk\/?page_id=573\"]}]},{\"@type\":\"ImageObject\",\"inLanguage\":\"sk-SK\",\"@id\":\"https:\/\/notarglonekova.sk\/?page_id=573#primaryimage\",\"url\":\"http:\/\/notarglonekova.sk\/wp-content\/uploads\/elementor\/thumbs\/dedenie-zavet-q2ku80cmf2nt7dt0vd64lqxcpx9szddqub3hw2xj7k.jpg\",\"contentUrl\":\"http:\/\/notarglonekova.sk\/wp-content\/uploads\/elementor\/thumbs\/dedenie-zavet-q2ku80cmf2nt7dt0vd64lqxcpx9szddqub3hw2xj7k.jpg\"},{\"@type\":\"BreadcrumbList\",\"@id\":\"https:\/\/notarglonekova.sk\/?page_id=573#breadcrumb\",\"itemListElement\":[{\"@type\":\"ListItem\",\"position\":1,\"name\":\"Domovsk\u00e1 str\u00e1nka\",\"item\":\"https:\/\/notarglonekova.sk\/\"},{\"@type\":\"ListItem\",\"position\":2,\"name\":\"Not\u00e1rska \u010dinnos\u0165\",\"item\":\"https:\/\/notarglonekova.sk\/?page_id=227\"},{\"@type\":\"ListItem\",\"position\":3,\"name\":\"Spisovanie not\u00e1rskych z\u00e1pisn\u00edc o\u00a0pr\u00e1vnych \u00fakonoch\",\"item\":\"https:\/\/notarglonekova.sk\/?page_id=550\"},{\"@type\":\"ListItem\",\"position\":4,\"name\":\"Z\u00e1vet\"}]},{\"@type\":\"WebSite\",\"@id\":\"https:\/\/notarglonekova.sk\/#website\",\"url\":\"https:\/\/notarglonekova.sk\/\",\"name\":\"https:\/\/notarglonekova.sk\/\",\"description\":\"Not\u00e1r v centre Ve\u013ek\u00e9ho Medera\",\"publisher\":{\"@id\":\"https:\/\/notarglonekova.sk\/#organization\"},\"potentialAction\":[{\"@type\":\"SearchAction\",\"target\":{\"@type\":\"EntryPoint\",\"urlTemplate\":\"https:\/\/notarglonekova.sk\/?s={search_term_string}\"},\"query-input\":{\"@type\":\"PropertyValueSpecification\",\"valueRequired\":true,\"valueName\":\"search_term_string\"}}],\"inLanguage\":\"sk-SK\"},{\"@type\":\"Organization\",\"@id\":\"https:\/\/notarglonekova.sk\/#organization\",\"name\":\"JUDr. Mgr. Sabina Glonekov\u00e1, not\u00e1r\",\"url\":\"https:\/\/notarglonekova.sk\/\",\"logo\":{\"@type\":\"ImageObject\",\"inLanguage\":\"sk-SK\",\"@id\":\"https:\/\/notarglonekova.sk\/#\/schema\/logo\/image\/\",\"url\":\"http:\/\/notarglonekova.sk\/wp-content\/uploads\/2023\/02\/Justice.jpg\",\"contentUrl\":\"http:\/\/notarglonekova.sk\/wp-content\/uploads\/2023\/02\/Justice.jpg\",\"width\":1180,\"height\":560,\"caption\":\"JUDr. Mgr. Sabina Glonekov\u00e1, not\u00e1r\"},\"image\":{\"@id\":\"https:\/\/notarglonekova.sk\/#\/schema\/logo\/image\/\"}}]}<\/script>\n<!-- \/ Yoast SEO plugin. -->","yoast_head_json":{"title":"Z\u00e1vet -","description":"Poskytujeme komplexn\u00e9 pr\u00e1vne poradenstvo t\u00fdkaj\u00face sa sp\u00edsania z\u00e1vetu, listiny o vydeden\u00ed, vyhl\u00e1senia o vo\u013ebe pr\u00e1va alebo odvolania t\u00fdchto \u00fakonov.","robots":{"index":"index","follow":"follow","max-snippet":"max-snippet:-1","max-image-preview":"max-image-preview:large","max-video-preview":"max-video-preview:-1"},"canonical":"https:\/\/notarglonekova.sk\/?page_id=573","og_locale":"sk_SK","og_type":"article","og_title":"Z\u00e1vet -","og_description":"Poskytujeme komplexn\u00e9 pr\u00e1vne poradenstvo t\u00fdkaj\u00face sa sp\u00edsania z\u00e1vetu, listiny o vydeden\u00ed, vyhl\u00e1senia o vo\u013ebe pr\u00e1va alebo odvolania t\u00fdchto \u00fakonov.","og_url":"https:\/\/notarglonekova.sk\/?page_id=573","article_modified_time":"2023-03-28T12:12:45+00:00","og_image":[{"url":"http:\/\/notarglonekova.sk\/wp-content\/uploads\/elementor\/thumbs\/dedenie-zavet-q2ku80cmf2nt7dt0vd64lqxcpx9szddqub3hw2xj7k.jpg"}],"twitter_card":"summary_large_image","twitter_misc":{"Predpokladan\u00fd \u010das \u010d\u00edtania":"2 min\u00faty"},"schema":{"@context":"https:\/\/schema.org","@graph":[{"@type":"WebPage","@id":"https:\/\/notarglonekova.sk\/?page_id=573","url":"https:\/\/notarglonekova.sk\/?page_id=573","name":"Z\u00e1vet -","isPartOf":{"@id":"https:\/\/notarglonekova.sk\/#website"},"primaryImageOfPage":{"@id":"https:\/\/notarglonekova.sk\/?page_id=573#primaryimage"},"image":{"@id":"https:\/\/notarglonekova.sk\/?page_id=573#primaryimage"},"thumbnailUrl":"http:\/\/notarglonekova.sk\/wp-content\/uploads\/elementor\/thumbs\/dedenie-zavet-q2ku80cmf2nt7dt0vd64lqxcpx9szddqub3hw2xj7k.jpg","datePublished":"2023-02-23T09:48:30+00:00","dateModified":"2023-03-28T12:12:45+00:00","description":"Poskytujeme komplexn\u00e9 pr\u00e1vne poradenstvo t\u00fdkaj\u00face sa sp\u00edsania z\u00e1vetu, listiny o vydeden\u00ed, vyhl\u00e1senia o vo\u013ebe pr\u00e1va alebo odvolania t\u00fdchto \u00fakonov.","breadcrumb":{"@id":"https:\/\/notarglonekova.sk\/?page_id=573#breadcrumb"},"inLanguage":"sk-SK","potentialAction":[{"@type":"ReadAction","target":["https:\/\/notarglonekova.sk\/?page_id=573"]}]},{"@type":"ImageObject","inLanguage":"sk-SK","@id":"https:\/\/notarglonekova.sk\/?page_id=573#primaryimage","url":"http:\/\/notarglonekova.sk\/wp-content\/uploads\/elementor\/thumbs\/dedenie-zavet-q2ku80cmf2nt7dt0vd64lqxcpx9szddqub3hw2xj7k.jpg","contentUrl":"http:\/\/notarglonekova.sk\/wp-content\/uploads\/elementor\/thumbs\/dedenie-zavet-q2ku80cmf2nt7dt0vd64lqxcpx9szddqub3hw2xj7k.jpg"},{"@type":"BreadcrumbList","@id":"https:\/\/notarglonekova.sk\/?page_id=573#breadcrumb","itemListElement":[{"@type":"ListItem","position":1,"name":"Domovsk\u00e1 str\u00e1nka","item":"https:\/\/notarglonekova.sk\/"},{"@type":"ListItem","position":2,"name":"Not\u00e1rska \u010dinnos\u0165","item":"https:\/\/notarglonekova.sk\/?page_id=227"},{"@type":"ListItem","position":3,"name":"Spisovanie not\u00e1rskych z\u00e1pisn\u00edc o\u00a0pr\u00e1vnych \u00fakonoch","item":"https:\/\/notarglonekova.sk\/?page_id=550"},{"@type":"ListItem","position":4,"name":"Z\u00e1vet"}]},{"@type":"WebSite","@id":"https:\/\/notarglonekova.sk\/#website","url":"https:\/\/notarglonekova.sk\/","name":"https:\/\/notarglonekova.sk\/","description":"Not\u00e1r v centre Ve\u013ek\u00e9ho Medera","publisher":{"@id":"https:\/\/notarglonekova.sk\/#organization"},"potentialAction":[{"@type":"SearchAction","target":{"@type":"EntryPoint","urlTemplate":"https:\/\/notarglonekova.sk\/?s={search_term_string}"},"query-input":{"@type":"PropertyValueSpecification","valueRequired":true,"valueName":"search_term_string"}}],"inLanguage":"sk-SK"},{"@type":"Organization","@id":"https:\/\/notarglonekova.sk\/#organization","name":"JUDr. Mgr. Sabina Glonekov\u00e1, not\u00e1r","url":"https:\/\/notarglonekova.sk\/","logo":{"@type":"ImageObject","inLanguage":"sk-SK","@id":"https:\/\/notarglonekova.sk\/#\/schema\/logo\/image\/","url":"http:\/\/notarglonekova.sk\/wp-content\/uploads\/2023\/02\/Justice.jpg","contentUrl":"http:\/\/notarglonekova.sk\/wp-content\/uploads\/2023\/02\/Justice.jpg","width":1180,"height":560,"caption":"JUDr. Mgr. Sabina Glonekov\u00e1, not\u00e1r"},"image":{"@id":"https:\/\/notarglonekova.sk\/#\/schema\/logo\/image\/"}}]}},"_links":{"self":[{"href":"https:\/\/notarglonekova.sk\/index.php?rest_route=\/wp\/v2\/pages\/573"}],"collection":[{"href":"https:\/\/notarglonekova.sk\/index.php?rest_route=\/wp\/v2\/pages"}],"about":[{"href":"https:\/\/notarglonekova.sk\/index.php?rest_route=\/wp\/v2\/types\/page"}],"author":[{"embeddable":true,"href":"https:\/\/notarglonekova.sk\/index.php?rest_route=\/wp\/v2\/users\/1"}],"replies":[{"embeddable":true,"href":"https:\/\/notarglonekova.sk\/index.php?rest_route=%2Fwp%2Fv2%2Fcomments&post=573"}],"version-history":[{"count":6,"href":"https:\/\/notarglonekova.sk\/index.php?rest_route=\/wp\/v2\/pages\/573\/revisions"}],"predecessor-version":[{"id":1026,"href":"https:\/\/notarglonekova.sk\/index.php?rest_route=\/wp\/v2\/pages\/573\/revisions\/1026"}],"up":[{"embeddable":true,"href":"https:\/\/notarglonekova.sk\/index.php?rest_route=\/wp\/v2\/pages\/550"}],"wp:attachment":[{"href":"https:\/\/notarglonekova.sk\/index.php?rest_route=%2Fwp%2Fv2%2Fmedia&parent=573"}],"curies":[{"name":"wp","href":"https:\/\/api.w.org\/{rel}","templated":true}]}}