{"id":484,"date":"2023-02-22T23:22:54","date_gmt":"2023-02-22T22:22:54","guid":{"rendered":"http:\/\/notarglonekova.sk\/?page_id=484"},"modified":"2023-03-28T14:05:55","modified_gmt":"2023-03-28T12:05:55","slug":"legalizacia-osvedcovanie-pravosti-podpisov","status":"publish","type":"page","link":"https:\/\/notarglonekova.sk\/?page_id=484","title":{"rendered":"Legaliz\u00e1cia &#8211; osved\u010dovanie pravosti podpisov"},"content":{"rendered":"\t\t<div data-elementor-type=\"wp-page\" data-elementor-id=\"484\" class=\"elementor elementor-484\">\n\t\t\t\t\t\t<section class=\"elementor-section elementor-top-section elementor-element elementor-element-4a5f1946 elementor-section-stretched elementor-section-full_width elementor-section-height-min-height elementor-section-items-stretch elementor-section-height-default\" data-id=\"4a5f1946\" data-element_type=\"section\" data-settings=\"{&quot;stretch_section&quot;:&quot;section-stretched&quot;,&quot;background_background&quot;:&quot;classic&quot;}\">\n\t\t\t\t\t\t<div class=\"elementor-container elementor-column-gap-default\">\n\t\t\t\t\t<div class=\"elementor-column elementor-col-100 elementor-top-column elementor-element elementor-element-527e8d35\" data-id=\"527e8d35\" data-element_type=\"column\" data-settings=\"{&quot;background_background&quot;:&quot;classic&quot;}\">\n\t\t\t<div class=\"elementor-widget-wrap elementor-element-populated\">\n\t\t\t\t\t\t<div class=\"elementor-element elementor-element-13722732 elementor-widget elementor-widget-spacer\" data-id=\"13722732\" data-element_type=\"widget\" data-widget_type=\"spacer.default\">\n\t\t\t\t<div class=\"elementor-widget-container\">\n\t\t\t\t\t\t\t<div class=\"elementor-spacer\">\n\t\t\t<div class=\"elementor-spacer-inner\"><\/div>\n\t\t<\/div>\n\t\t\t\t\t\t<\/div>\n\t\t\t\t<\/div>\n\t\t\t\t\t<\/div>\n\t\t<\/div>\n\t\t\t\t\t<\/div>\n\t\t<\/section>\n\t\t\t\t<section class=\"elementor-section elementor-top-section elementor-element elementor-element-62aabf56 elementor-section-boxed elementor-section-height-default elementor-section-height-default\" data-id=\"62aabf56\" data-element_type=\"section\" data-settings=\"{&quot;background_background&quot;:&quot;classic&quot;}\">\n\t\t\t\t\t\t<div class=\"elementor-container elementor-column-gap-default\">\n\t\t\t\t\t<div class=\"elementor-column elementor-col-100 elementor-top-column elementor-element elementor-element-cb957c1\" data-id=\"cb957c1\" data-element_type=\"column\">\n\t\t\t<div class=\"elementor-widget-wrap elementor-element-populated\">\n\t\t\t\t\t\t<div class=\"elementor-element elementor-element-563839c9 elementor-invisible elementor-widget elementor-widget-heading\" data-id=\"563839c9\" data-element_type=\"widget\" data-settings=\"{&quot;_animation&quot;:&quot;fadeInLeft&quot;,&quot;_animation_delay&quot;:300}\" data-widget_type=\"heading.default\">\n\t\t\t\t<div class=\"elementor-widget-container\">\n\t\t\t\t\t<h1 class=\"elementor-heading-title elementor-size-default\">Legaliz\u00e1cia - osved\u010dovanie pravosti podpisov<\/h1>\t\t\t\t<\/div>\n\t\t\t\t<\/div>\n\t\t\t\t\t<\/div>\n\t\t<\/div>\n\t\t\t\t\t<\/div>\n\t\t<\/section>\n\t\t\t\t<section class=\"elementor-section elementor-top-section elementor-element elementor-element-59f210dd elementor-section-boxed elementor-section-height-default elementor-section-height-default\" data-id=\"59f210dd\" data-element_type=\"section\" data-settings=\"{&quot;background_background&quot;:&quot;classic&quot;}\">\n\t\t\t\t\t\t\t<div class=\"elementor-background-overlay\"><\/div>\n\t\t\t\t\t\t\t<div class=\"elementor-container elementor-column-gap-default\">\n\t\t\t\t\t<div class=\"elementor-column elementor-col-100 elementor-top-column elementor-element elementor-element-2d225a93\" data-id=\"2d225a93\" data-element_type=\"column\">\n\t\t\t<div class=\"elementor-widget-wrap elementor-element-populated\">\n\t\t\t\t\t\t<div class=\"elementor-element elementor-element-602367ab elementor-drop-cap-yes envato-kit-93-drop-cap elementor-drop-cap-view-default elementor-invisible elementor-widget elementor-widget-text-editor\" data-id=\"602367ab\" data-element_type=\"widget\" data-settings=\"{&quot;drop_cap&quot;:&quot;yes&quot;,&quot;_animation&quot;:&quot;fadeInUp&quot;}\" data-widget_type=\"text-editor.default\">\n\t\t\t\t<div class=\"elementor-widget-container\">\n\t\t\t\t\t\t\t\t\t<p>Legaliz\u00e1ciou not\u00e1r alebo n\u00edm poveren\u00fd zamestnanec osved\u010duje, \u017ee osoba, ktorej podpis m\u00e1 by\u0165 osved\u010den\u00fd v jeho pr\u00edtomnosti, listinu vlastnoru\u010dne podp\u00edsala alebo podpis na listine uznala pred n\u00edm za vlastn\u00fd. Not\u00e1r legaliz\u00e1ciou neosved\u010duje pravdivos\u0165 skuto\u010dnost\u00ed uv\u00e1dzan\u00fdch v listine. Osved\u010dovanie pravosti podpisu na listin\u00e1ch, ktor\u00e9 maj\u00fa by\u0165 pou\u017eit\u00e9 v cudzine, vykon\u00e1va len not\u00e1r alebo kandid\u00e1t.<\/p><p>Budete potrebova\u0165:<br \/>&#8211; platn\u00fd doklad toto\u017enosti (ob\u010diansky preukaz alebo cestovn\u00fd pas),<br \/>&#8211; listinu, ktor\u00fa podpisujete.<\/p>\t\t\t\t\t\t\t\t<\/div>\n\t\t\t\t<\/div>\n\t\t\t\t\t<\/div>\n\t\t<\/div>\n\t\t\t\t\t<\/div>\n\t\t<\/section>\n\t\t\t\t<\/div>\n\t\t","protected":false},"excerpt":{"rendered":"<p>Legaliz\u00e1cia &#8211; osved\u010dovanie pravosti podpisov Legaliz\u00e1ciou not\u00e1r alebo n\u00edm poveren\u00fd zamestnanec osved\u010duje, \u017ee osoba, ktorej podpis m\u00e1 by\u0165 osved\u010den\u00fd v jeho pr\u00edtomnosti, listinu vlastnoru\u010dne podp\u00edsala alebo podpis na listine uznala pred n\u00edm za vlastn\u00fd. Not\u00e1r legaliz\u00e1ciou neosved\u010duje pravdivos\u0165 skuto\u010dnost\u00ed uv\u00e1dzan\u00fdch v listine. Osved\u010dovanie pravosti podpisu na listin\u00e1ch, ktor\u00e9 maj\u00fa by\u0165 pou\u017eit\u00e9 v cudzine, vykon\u00e1va len [&hellip;]<\/p>\n","protected":false},"author":1,"featured_media":0,"parent":227,"menu_order":0,"comment_status":"closed","ping_status":"closed","template":"","meta":{"_monsterinsights_skip_tracking":false,"_monsterinsights_sitenote_active":false,"_monsterinsights_sitenote_note":"","_monsterinsights_sitenote_category":0,"site-sidebar-layout":"no-sidebar","site-content-layout":"page-builder","ast-site-content-layout":"","site-content-style":"default","site-sidebar-style":"default","ast-global-header-display":"","ast-banner-title-visibility":"","ast-main-header-display":"","ast-hfb-above-header-display":"","ast-hfb-below-header-display":"","ast-hfb-mobile-header-display":"","site-post-title":"disabled","ast-breadcrumbs-content":"","ast-featured-img":"disabled","footer-sml-layout":"","theme-transparent-header-meta":"","adv-header-id-meta":"","stick-header-meta":"","header-above-stick-meta":"","header-main-stick-meta":"","header-below-stick-meta":"","astra-migrate-meta-layouts":"default","ast-page-background-enabled":"default","ast-page-background-meta":{"desktop":{"background-color":"var(--ast-global-color-4)","background-image":"","background-repeat":"repeat","background-position":"center center","background-size":"auto","background-attachment":"scroll","background-type":"","background-media":"","overlay-type":"","overlay-color":"","overlay-gradient":""},"tablet":{"background-color":"","background-image":"","background-repeat":"repeat","background-position":"center center","background-size":"auto","background-attachment":"scroll","background-type":"","background-media":"","overlay-type":"","overlay-color":"","overlay-gradient":""},"mobile":{"background-color":"","background-image":"","background-repeat":"repeat","background-position":"center center","background-size":"auto","background-attachment":"scroll","background-type":"","background-media":"","overlay-type":"","overlay-color":"","overlay-gradient":""}},"ast-content-background-meta":{"desktop":{"background-color":"var(--ast-global-color-5)","background-image":"","background-repeat":"repeat","background-position":"center center","background-size":"auto","background-attachment":"scroll","background-type":"","background-media":"","overlay-type":"","overlay-color":"","overlay-gradient":""},"tablet":{"background-color":"var(--ast-global-color-5)","background-image":"","background-repeat":"repeat","background-position":"center center","background-size":"auto","background-attachment":"scroll","background-type":"","background-media":"","overlay-type":"","overlay-color":"","overlay-gradient":""},"mobile":{"background-color":"var(--ast-global-color-5)","background-image":"","background-repeat":"repeat","background-position":"center center","background-size":"auto","background-attachment":"scroll","background-type":"","background-media":"","overlay-type":"","overlay-color":"","overlay-gradient":""}},"footnotes":""},"yoast_head":"<!-- This site is optimized with the Yoast SEO plugin v23.5 - https:\/\/yoast.com\/wordpress\/plugins\/seo\/ -->\n<title>Legaliz\u00e1cia - osved\u010dovanie pravosti podpisov -<\/title>\n<meta name=\"description\" content=\"Legaliz\u00e1ciou not\u00e1r alebo n\u00edm poveren\u00fd zamestnanec osved\u010duje, \u017ee osoba, ktorej podpis m\u00e1 by\u0165 osved\u010den\u00fd v jeho pr\u00edtomnosti, listinu vlastnoru\u010dne podp\u00edsala alebo podpis na listine uznala pred n\u00edm za vlastn\u00fd.\" \/>\n<meta name=\"robots\" content=\"index, follow, max-snippet:-1, max-image-preview:large, max-video-preview:-1\" \/>\n<link rel=\"canonical\" href=\"https:\/\/notarglonekova.sk\/?page_id=484\" \/>\n<meta property=\"og:locale\" content=\"sk_SK\" \/>\n<meta property=\"og:type\" content=\"article\" \/>\n<meta property=\"og:title\" content=\"Legaliz\u00e1cia - osved\u010dovanie pravosti podpisov -\" \/>\n<meta property=\"og:description\" content=\"Legaliz\u00e1ciou not\u00e1r alebo n\u00edm poveren\u00fd zamestnanec osved\u010duje, \u017ee osoba, ktorej podpis m\u00e1 by\u0165 osved\u010den\u00fd v jeho pr\u00edtomnosti, listinu vlastnoru\u010dne podp\u00edsala alebo podpis na listine uznala pred n\u00edm za vlastn\u00fd.\" \/>\n<meta property=\"og:url\" content=\"https:\/\/notarglonekova.sk\/?page_id=484\" \/>\n<meta property=\"article:modified_time\" content=\"2023-03-28T12:05:55+00:00\" \/>\n<meta name=\"twitter:card\" content=\"summary_large_image\" \/>\n<meta name=\"twitter:label1\" content=\"Predpokladan\u00fd \u010das \u010d\u00edtania\" \/>\n\t<meta name=\"twitter:data1\" content=\"1 min\u00fata\" \/>\n<script type=\"application\/ld+json\" class=\"yoast-schema-graph\">{\"@context\":\"https:\/\/schema.org\",\"@graph\":[{\"@type\":\"WebPage\",\"@id\":\"https:\/\/notarglonekova.sk\/?page_id=484\",\"url\":\"https:\/\/notarglonekova.sk\/?page_id=484\",\"name\":\"Legaliz\u00e1cia - osved\u010dovanie pravosti podpisov -\",\"isPartOf\":{\"@id\":\"https:\/\/notarglonekova.sk\/#website\"},\"datePublished\":\"2023-02-22T22:22:54+00:00\",\"dateModified\":\"2023-03-28T12:05:55+00:00\",\"description\":\"Legaliz\u00e1ciou not\u00e1r alebo n\u00edm poveren\u00fd zamestnanec osved\u010duje, \u017ee osoba, ktorej podpis m\u00e1 by\u0165 osved\u010den\u00fd v jeho pr\u00edtomnosti, listinu vlastnoru\u010dne podp\u00edsala alebo podpis na listine uznala pred n\u00edm za vlastn\u00fd.\",\"breadcrumb\":{\"@id\":\"https:\/\/notarglonekova.sk\/?page_id=484#breadcrumb\"},\"inLanguage\":\"sk-SK\",\"potentialAction\":[{\"@type\":\"ReadAction\",\"target\":[\"https:\/\/notarglonekova.sk\/?page_id=484\"]}]},{\"@type\":\"BreadcrumbList\",\"@id\":\"https:\/\/notarglonekova.sk\/?page_id=484#breadcrumb\",\"itemListElement\":[{\"@type\":\"ListItem\",\"position\":1,\"name\":\"Domovsk\u00e1 str\u00e1nka\",\"item\":\"https:\/\/notarglonekova.sk\/\"},{\"@type\":\"ListItem\",\"position\":2,\"name\":\"Not\u00e1rska \u010dinnos\u0165\",\"item\":\"https:\/\/notarglonekova.sk\/?page_id=227\"},{\"@type\":\"ListItem\",\"position\":3,\"name\":\"Legaliz\u00e1cia &#8211; osved\u010dovanie pravosti podpisov\"}]},{\"@type\":\"WebSite\",\"@id\":\"https:\/\/notarglonekova.sk\/#website\",\"url\":\"https:\/\/notarglonekova.sk\/\",\"name\":\"https:\/\/notarglonekova.sk\/\",\"description\":\"Not\u00e1r v centre Ve\u013ek\u00e9ho Medera\",\"publisher\":{\"@id\":\"https:\/\/notarglonekova.sk\/#organization\"},\"potentialAction\":[{\"@type\":\"SearchAction\",\"target\":{\"@type\":\"EntryPoint\",\"urlTemplate\":\"https:\/\/notarglonekova.sk\/?s={search_term_string}\"},\"query-input\":{\"@type\":\"PropertyValueSpecification\",\"valueRequired\":true,\"valueName\":\"search_term_string\"}}],\"inLanguage\":\"sk-SK\"},{\"@type\":\"Organization\",\"@id\":\"https:\/\/notarglonekova.sk\/#organization\",\"name\":\"JUDr. Mgr. Sabina Glonekov\u00e1, not\u00e1r\",\"url\":\"https:\/\/notarglonekova.sk\/\",\"logo\":{\"@type\":\"ImageObject\",\"inLanguage\":\"sk-SK\",\"@id\":\"https:\/\/notarglonekova.sk\/#\/schema\/logo\/image\/\",\"url\":\"http:\/\/notarglonekova.sk\/wp-content\/uploads\/2023\/02\/Justice.jpg\",\"contentUrl\":\"http:\/\/notarglonekova.sk\/wp-content\/uploads\/2023\/02\/Justice.jpg\",\"width\":1180,\"height\":560,\"caption\":\"JUDr. Mgr. Sabina Glonekov\u00e1, not\u00e1r\"},\"image\":{\"@id\":\"https:\/\/notarglonekova.sk\/#\/schema\/logo\/image\/\"}}]}<\/script>\n<!-- \/ Yoast SEO plugin. -->","yoast_head_json":{"title":"Legaliz\u00e1cia - osved\u010dovanie pravosti podpisov -","description":"Legaliz\u00e1ciou not\u00e1r alebo n\u00edm poveren\u00fd zamestnanec osved\u010duje, \u017ee osoba, ktorej podpis m\u00e1 by\u0165 osved\u010den\u00fd v jeho pr\u00edtomnosti, listinu vlastnoru\u010dne podp\u00edsala alebo podpis na listine uznala pred n\u00edm za vlastn\u00fd.","robots":{"index":"index","follow":"follow","max-snippet":"max-snippet:-1","max-image-preview":"max-image-preview:large","max-video-preview":"max-video-preview:-1"},"canonical":"https:\/\/notarglonekova.sk\/?page_id=484","og_locale":"sk_SK","og_type":"article","og_title":"Legaliz\u00e1cia - osved\u010dovanie pravosti podpisov -","og_description":"Legaliz\u00e1ciou not\u00e1r alebo n\u00edm poveren\u00fd zamestnanec osved\u010duje, \u017ee osoba, ktorej podpis m\u00e1 by\u0165 osved\u010den\u00fd v jeho pr\u00edtomnosti, listinu vlastnoru\u010dne podp\u00edsala alebo podpis na listine uznala pred n\u00edm za vlastn\u00fd.","og_url":"https:\/\/notarglonekova.sk\/?page_id=484","article_modified_time":"2023-03-28T12:05:55+00:00","twitter_card":"summary_large_image","twitter_misc":{"Predpokladan\u00fd \u010das \u010d\u00edtania":"1 min\u00fata"},"schema":{"@context":"https:\/\/schema.org","@graph":[{"@type":"WebPage","@id":"https:\/\/notarglonekova.sk\/?page_id=484","url":"https:\/\/notarglonekova.sk\/?page_id=484","name":"Legaliz\u00e1cia - osved\u010dovanie pravosti podpisov -","isPartOf":{"@id":"https:\/\/notarglonekova.sk\/#website"},"datePublished":"2023-02-22T22:22:54+00:00","dateModified":"2023-03-28T12:05:55+00:00","description":"Legaliz\u00e1ciou not\u00e1r alebo n\u00edm poveren\u00fd zamestnanec osved\u010duje, \u017ee osoba, ktorej podpis m\u00e1 by\u0165 osved\u010den\u00fd v jeho pr\u00edtomnosti, listinu vlastnoru\u010dne podp\u00edsala alebo podpis na listine uznala pred n\u00edm za vlastn\u00fd.","breadcrumb":{"@id":"https:\/\/notarglonekova.sk\/?page_id=484#breadcrumb"},"inLanguage":"sk-SK","potentialAction":[{"@type":"ReadAction","target":["https:\/\/notarglonekova.sk\/?page_id=484"]}]},{"@type":"BreadcrumbList","@id":"https:\/\/notarglonekova.sk\/?page_id=484#breadcrumb","itemListElement":[{"@type":"ListItem","position":1,"name":"Domovsk\u00e1 str\u00e1nka","item":"https:\/\/notarglonekova.sk\/"},{"@type":"ListItem","position":2,"name":"Not\u00e1rska \u010dinnos\u0165","item":"https:\/\/notarglonekova.sk\/?page_id=227"},{"@type":"ListItem","position":3,"name":"Legaliz\u00e1cia &#8211; osved\u010dovanie pravosti podpisov"}]},{"@type":"WebSite","@id":"https:\/\/notarglonekova.sk\/#website","url":"https:\/\/notarglonekova.sk\/","name":"https:\/\/notarglonekova.sk\/","description":"Not\u00e1r v centre Ve\u013ek\u00e9ho Medera","publisher":{"@id":"https:\/\/notarglonekova.sk\/#organization"},"potentialAction":[{"@type":"SearchAction","target":{"@type":"EntryPoint","urlTemplate":"https:\/\/notarglonekova.sk\/?s={search_term_string}"},"query-input":{"@type":"PropertyValueSpecification","valueRequired":true,"valueName":"search_term_string"}}],"inLanguage":"sk-SK"},{"@type":"Organization","@id":"https:\/\/notarglonekova.sk\/#organization","name":"JUDr. Mgr. Sabina Glonekov\u00e1, not\u00e1r","url":"https:\/\/notarglonekova.sk\/","logo":{"@type":"ImageObject","inLanguage":"sk-SK","@id":"https:\/\/notarglonekova.sk\/#\/schema\/logo\/image\/","url":"http:\/\/notarglonekova.sk\/wp-content\/uploads\/2023\/02\/Justice.jpg","contentUrl":"http:\/\/notarglonekova.sk\/wp-content\/uploads\/2023\/02\/Justice.jpg","width":1180,"height":560,"caption":"JUDr. Mgr. Sabina Glonekov\u00e1, not\u00e1r"},"image":{"@id":"https:\/\/notarglonekova.sk\/#\/schema\/logo\/image\/"}}]}},"_links":{"self":[{"href":"https:\/\/notarglonekova.sk\/index.php?rest_route=\/wp\/v2\/pages\/484"}],"collection":[{"href":"https:\/\/notarglonekova.sk\/index.php?rest_route=\/wp\/v2\/pages"}],"about":[{"href":"https:\/\/notarglonekova.sk\/index.php?rest_route=\/wp\/v2\/types\/page"}],"author":[{"embeddable":true,"href":"https:\/\/notarglonekova.sk\/index.php?rest_route=\/wp\/v2\/users\/1"}],"replies":[{"embeddable":true,"href":"https:\/\/notarglonekova.sk\/index.php?rest_route=%2Fwp%2Fv2%2Fcomments&post=484"}],"version-history":[{"count":6,"href":"https:\/\/notarglonekova.sk\/index.php?rest_route=\/wp\/v2\/pages\/484\/revisions"}],"predecessor-version":[{"id":1018,"href":"https:\/\/notarglonekova.sk\/index.php?rest_route=\/wp\/v2\/pages\/484\/revisions\/1018"}],"up":[{"embeddable":true,"href":"https:\/\/notarglonekova.sk\/index.php?rest_route=\/wp\/v2\/pages\/227"}],"wp:attachment":[{"href":"https:\/\/notarglonekova.sk\/index.php?rest_route=%2Fwp%2Fv2%2Fmedia&parent=484"}],"curies":[{"name":"wp","href":"https:\/\/api.w.org\/{rel}","templated":true}]}}