{"id":265,"date":"2023-02-22T21:40:13","date_gmt":"2023-02-22T20:40:13","guid":{"rendered":"http:\/\/notarglonekova.sk\/?page_id=265"},"modified":"2023-03-28T14:25:43","modified_gmt":"2023-03-28T12:25:43","slug":"o-nas","status":"publish","type":"page","link":"https:\/\/notarglonekova.sk\/?page_id=265","title":{"rendered":"O n\u00e1s"},"content":{"rendered":"\t\t<div data-elementor-type=\"wp-page\" data-elementor-id=\"265\" class=\"elementor elementor-265\">\n\t\t\t\t\t\t<section class=\"elementor-section elementor-top-section elementor-element elementor-element-7c4cb549 elementor-section-height-min-height elementor-section-boxed elementor-section-height-default elementor-section-items-middle\" data-id=\"7c4cb549\" data-element_type=\"section\" data-settings=\"{&quot;background_background&quot;:&quot;video&quot;}\">\n\t\t\t\t\t\t\t<div class=\"elementor-background-overlay\"><\/div>\n\t\t\t\t\t\t\t<div class=\"elementor-container elementor-column-gap-default\">\n\t\t\t\t\t<div class=\"elementor-column elementor-col-100 elementor-top-column elementor-element elementor-element-22ef5aa4\" data-id=\"22ef5aa4\" data-element_type=\"column\">\n\t\t\t<div class=\"elementor-widget-wrap elementor-element-populated\">\n\t\t\t\t\t\t<div class=\"elementor-element elementor-element-2bb60cc6 elementor-invisible elementor-widget elementor-widget-heading\" data-id=\"2bb60cc6\" data-element_type=\"widget\" data-settings=\"{&quot;_animation&quot;:&quot;fadeInLeft&quot;,&quot;_animation_delay&quot;:300}\" data-widget_type=\"heading.default\">\n\t\t\t\t<div class=\"elementor-widget-container\">\n\t\t\t\t\t<h1 class=\"elementor-heading-title elementor-size-default\">O n\u00e1s<\/h1>\t\t\t\t<\/div>\n\t\t\t\t<\/div>\n\t\t\t\t\t<\/div>\n\t\t<\/div>\n\t\t\t\t\t<\/div>\n\t\t<\/section>\n\t\t\t\t<section class=\"elementor-section elementor-top-section elementor-element elementor-element-2138db08 elementor-section-boxed elementor-section-height-default elementor-section-height-default\" data-id=\"2138db08\" data-element_type=\"section\" data-settings=\"{&quot;background_background&quot;:&quot;classic&quot;}\">\n\t\t\t\t\t\t\t<div class=\"elementor-background-overlay\"><\/div>\n\t\t\t\t\t\t\t<div class=\"elementor-container elementor-column-gap-default\">\n\t\t\t\t\t<div class=\"elementor-column elementor-col-50 elementor-top-column elementor-element elementor-element-75e17574 elementor-invisible\" data-id=\"75e17574\" data-element_type=\"column\" data-settings=\"{&quot;animation&quot;:&quot;fadeInLeft&quot;,&quot;background_background&quot;:&quot;classic&quot;}\">\n\t\t\t<div class=\"elementor-widget-wrap elementor-element-populated\">\n\t\t\t\t\t\t<div class=\"elementor-element elementor-element-34d78bc1 elementor-widget elementor-widget-spacer\" data-id=\"34d78bc1\" data-element_type=\"widget\" data-widget_type=\"spacer.default\">\n\t\t\t\t<div class=\"elementor-widget-container\">\n\t\t\t\t\t\t\t<div class=\"elementor-spacer\">\n\t\t\t<div class=\"elementor-spacer-inner\"><\/div>\n\t\t<\/div>\n\t\t\t\t\t\t<\/div>\n\t\t\t\t<\/div>\n\t\t\t\t\t<\/div>\n\t\t<\/div>\n\t\t\t\t<div class=\"elementor-column elementor-col-50 elementor-top-column elementor-element elementor-element-66e40c1 elementor-invisible\" data-id=\"66e40c1\" data-element_type=\"column\" data-settings=\"{&quot;animation&quot;:&quot;fadeInLeft&quot;}\">\n\t\t\t<div class=\"elementor-widget-wrap elementor-element-populated\">\n\t\t\t\t\t\t<div class=\"elementor-element elementor-element-46b4ffce elementor-widget-divider--view-line elementor-invisible elementor-widget elementor-widget-divider\" data-id=\"46b4ffce\" data-element_type=\"widget\" data-settings=\"{&quot;_animation&quot;:&quot;fadeInUp&quot;}\" data-widget_type=\"divider.default\">\n\t\t\t\t<div class=\"elementor-widget-container\">\n\t\t\t\t\t\t\t<div class=\"elementor-divider\">\n\t\t\t<span class=\"elementor-divider-separator\">\n\t\t\t\t\t\t<\/span>\n\t\t<\/div>\n\t\t\t\t\t\t<\/div>\n\t\t\t\t<\/div>\n\t\t\t\t<div class=\"elementor-element elementor-element-61e5cd13 elementor-widget elementor-widget-text-editor\" data-id=\"61e5cd13\" data-element_type=\"widget\" data-widget_type=\"text-editor.default\">\n\t\t\t\t<div class=\"elementor-widget-container\">\n\t\t\t\t\t\t\t\t\t<p>JUDr. Mgr. Sabina Glonekov\u00e1, not\u00e1rka<\/p>\t\t\t\t\t\t\t\t<\/div>\n\t\t\t\t<\/div>\n\t\t\t\t<div class=\"elementor-element elementor-element-253197d0 envato-kit-93-drop-cap elementor-invisible elementor-widget elementor-widget-text-editor\" data-id=\"253197d0\" data-element_type=\"widget\" data-settings=\"{&quot;_animation&quot;:&quot;fadeInUp&quot;}\" data-widget_type=\"text-editor.default\">\n\t\t\t\t<div class=\"elementor-widget-container\">\n\t\t\t\t\t\t\t\t\t<p>JUDr. Mgr. Sabina Glonekov\u00e1 \u0161t\u00fadium pr\u00e1va absolvovala v prezen\u010dnej forme na Paneur\u00f3pskej vysokej \u0161kole, fakulte pr\u00e1va. Prv\u00fd stupe\u0148 \u0161t\u00fadia v odbore pr\u00e1vo \u00faspe\u0161ne ukon\u010dila v roku 2014 s vyznamenan\u00edm, pri\u010dom \u0161t\u00e1tnu z\u00e1vere\u010dn\u00fa sk\u00fa\u0161ku vykonala\u00a0 s hodnoten\u00edm prospela s vyznamenan\u00edm. Druh\u00fd stupe\u0148 \u0161t\u00fadia v odbore pr\u00e1vo \u00faspe\u0161ne ukon\u010dila v roku 2016, pri\u010dom \u0161t\u00e1tnu z\u00e1vere\u010dn\u00fa sk\u00fa\u0161ku vykonala s hodnoten\u00edm prospela s vyznamenan\u00edm. Rigor\u00f3zne konanie absolvovala na Paneur\u00f3pskej vysokej \u0161kole, fakulte pr\u00e1va a v roku 2019 jej bol udelen\u00fd titul doktor pr\u00e1v (JUDr).<\/p><p>Okrem \u0161t\u00fadia pr\u00e1va absolvovala v prezen\u010dnej forme aj \u0161t\u00fadium mana\u017ementu na Vysokej \u0161kole mana\u017ementu v Tren\u010d\u00edne\/City University of Seattle, kde \u0161tudovala odbor ekonomika a mana\u017ement podniku. \u0160t\u00fadium \u00faspe\u0161ne ukon\u010dila v roku 2016 a bol jej udelen\u00fd titul magister.<\/p><p>Po\u010das \u0161t\u00fadia absolvovala odborn\u00fa st\u00e1\u017e na Okresnom s\u00fade Malacky a na Okresnej prokurat\u00fare Malacky.<\/p><p>V r\u00e1mci pr\u00e1vnej praxe p\u00f4sobila od roku 2016 na Not\u00e1rskom \u00farade Mgr. Jany Borovi\u010dkovej, not\u00e1rky so s\u00eddlom v Bratislave II ako not\u00e1rsky koncipient a n\u00e1sledne po \u00faspe\u0161nom zlo\u017een\u00ed not\u00e1rskej sk\u00fa\u0161ky vo febru\u00e1ri roku 2022 ako not\u00e1rsky kandid\u00e1t.\u00a0<\/p><p>D\u0148a 11.11.2022 bola na z\u00e1klade \u00faspe\u0161n\u00e9ho absolvovania v\u00fdberov\u00e9ho konania vymenovan\u00e1 ministrom spravodlivosti SR za not\u00e1rku do s\u00eddla vo Ve\u013ekom Mederi v obvode Okresn\u00e9ho s\u00fadu Dunajsk\u00e1 Streda.<\/p>\t\t\t\t\t\t\t\t<\/div>\n\t\t\t\t<\/div>\n\t\t\t\t\t<\/div>\n\t\t<\/div>\n\t\t\t\t\t<\/div>\n\t\t<\/section>\n\t\t\t\t<\/div>\n\t\t","protected":false},"excerpt":{"rendered":"<p>O n\u00e1s JUDr. Mgr. Sabina Glonekov\u00e1, not\u00e1rka JUDr. Mgr. Sabina Glonekov\u00e1 \u0161t\u00fadium pr\u00e1va absolvovala v prezen\u010dnej forme na Paneur\u00f3pskej vysokej \u0161kole, fakulte pr\u00e1va. Prv\u00fd stupe\u0148 \u0161t\u00fadia v odbore pr\u00e1vo \u00faspe\u0161ne ukon\u010dila v roku 2014 s vyznamenan\u00edm, pri\u010dom \u0161t\u00e1tnu z\u00e1vere\u010dn\u00fa sk\u00fa\u0161ku vykonala&nbsp; s hodnoten\u00edm prospela s vyznamenan\u00edm. Druh\u00fd stupe\u0148 \u0161t\u00fadia v odbore pr\u00e1vo \u00faspe\u0161ne ukon\u010dila v [&hellip;]<\/p>\n","protected":false},"author":1,"featured_media":0,"parent":0,"menu_order":7,"comment_status":"closed","ping_status":"closed","template":"","meta":{"_monsterinsights_skip_tracking":false,"_monsterinsights_sitenote_active":false,"_monsterinsights_sitenote_note":"","_monsterinsights_sitenote_category":0,"site-sidebar-layout":"no-sidebar","site-content-layout":"page-builder","ast-site-content-layout":"","site-content-style":"default","site-sidebar-style":"default","ast-global-header-display":"","ast-banner-title-visibility":"","ast-main-header-display":"","ast-hfb-above-header-display":"","ast-hfb-below-header-display":"","ast-hfb-mobile-header-display":"","site-post-title":"disabled","ast-breadcrumbs-content":"","ast-featured-img":"disabled","footer-sml-layout":"","theme-transparent-header-meta":"","adv-header-id-meta":"","stick-header-meta":"","header-above-stick-meta":"","header-main-stick-meta":"","header-below-stick-meta":"","astra-migrate-meta-layouts":"default","ast-page-background-enabled":"default","ast-page-background-meta":{"desktop":{"background-color":"var(--ast-global-color-4)","background-image":"","background-repeat":"repeat","background-position":"center center","background-size":"auto","background-attachment":"scroll","background-type":"","background-media":"","overlay-type":"","overlay-color":"","overlay-gradient":""},"tablet":{"background-color":"","background-image":"","background-repeat":"repeat","background-position":"center center","background-size":"auto","background-attachment":"scroll","background-type":"","background-media":"","overlay-type":"","overlay-color":"","overlay-gradient":""},"mobile":{"background-color":"","background-image":"","background-repeat":"repeat","background-position":"center center","background-size":"auto","background-attachment":"scroll","background-type":"","background-media":"","overlay-type":"","overlay-color":"","overlay-gradient":""}},"ast-content-background-meta":{"desktop":{"background-color":"var(--ast-global-color-5)","background-image":"","background-repeat":"repeat","background-position":"center center","background-size":"auto","background-attachment":"scroll","background-type":"","background-media":"","overlay-type":"","overlay-color":"","overlay-gradient":""},"tablet":{"background-color":"var(--ast-global-color-5)","background-image":"","background-repeat":"repeat","background-position":"center center","background-size":"auto","background-attachment":"scroll","background-type":"","background-media":"","overlay-type":"","overlay-color":"","overlay-gradient":""},"mobile":{"background-color":"var(--ast-global-color-5)","background-image":"","background-repeat":"repeat","background-position":"center center","background-size":"auto","background-attachment":"scroll","background-type":"","background-media":"","overlay-type":"","overlay-color":"","overlay-gradient":""}},"footnotes":""},"yoast_head":"<!-- This site is optimized with the Yoast SEO plugin v23.5 - https:\/\/yoast.com\/wordpress\/plugins\/seo\/ -->\n<title>O n\u00e1s -<\/title>\n<meta name=\"description\" content=\"JUDr. Mgr. Sabina Glonekov\u00e1, not\u00e1rka.\" \/>\n<meta name=\"robots\" content=\"index, follow, max-snippet:-1, max-image-preview:large, max-video-preview:-1\" \/>\n<link rel=\"canonical\" href=\"https:\/\/notarglonekova.sk\/?page_id=265\" \/>\n<meta property=\"og:locale\" content=\"sk_SK\" \/>\n<meta property=\"og:type\" content=\"article\" \/>\n<meta property=\"og:title\" content=\"O n\u00e1s -\" \/>\n<meta property=\"og:description\" content=\"JUDr. Mgr. Sabina Glonekov\u00e1, not\u00e1rka.\" \/>\n<meta property=\"og:url\" content=\"https:\/\/notarglonekova.sk\/?page_id=265\" \/>\n<meta property=\"article:modified_time\" content=\"2023-03-28T12:25:43+00:00\" \/>\n<meta name=\"twitter:card\" content=\"summary_large_image\" \/>\n<meta name=\"twitter:label1\" content=\"Predpokladan\u00fd \u010das \u010d\u00edtania\" \/>\n\t<meta name=\"twitter:data1\" content=\"2 min\u00faty\" \/>\n<script type=\"application\/ld+json\" class=\"yoast-schema-graph\">{\"@context\":\"https:\/\/schema.org\",\"@graph\":[{\"@type\":\"WebPage\",\"@id\":\"https:\/\/notarglonekova.sk\/?page_id=265\",\"url\":\"https:\/\/notarglonekova.sk\/?page_id=265\",\"name\":\"O n\u00e1s -\",\"isPartOf\":{\"@id\":\"https:\/\/notarglonekova.sk\/#website\"},\"datePublished\":\"2023-02-22T20:40:13+00:00\",\"dateModified\":\"2023-03-28T12:25:43+00:00\",\"description\":\"JUDr. Mgr. Sabina Glonekov\u00e1, not\u00e1rka.\",\"breadcrumb\":{\"@id\":\"https:\/\/notarglonekova.sk\/?page_id=265#breadcrumb\"},\"inLanguage\":\"sk-SK\",\"potentialAction\":[{\"@type\":\"ReadAction\",\"target\":[\"https:\/\/notarglonekova.sk\/?page_id=265\"]}]},{\"@type\":\"BreadcrumbList\",\"@id\":\"https:\/\/notarglonekova.sk\/?page_id=265#breadcrumb\",\"itemListElement\":[{\"@type\":\"ListItem\",\"position\":1,\"name\":\"Domovsk\u00e1 str\u00e1nka\",\"item\":\"https:\/\/notarglonekova.sk\/\"},{\"@type\":\"ListItem\",\"position\":2,\"name\":\"O n\u00e1s\"}]},{\"@type\":\"WebSite\",\"@id\":\"https:\/\/notarglonekova.sk\/#website\",\"url\":\"https:\/\/notarglonekova.sk\/\",\"name\":\"https:\/\/notarglonekova.sk\/\",\"description\":\"Not\u00e1r v centre Ve\u013ek\u00e9ho Medera\",\"publisher\":{\"@id\":\"https:\/\/notarglonekova.sk\/#organization\"},\"potentialAction\":[{\"@type\":\"SearchAction\",\"target\":{\"@type\":\"EntryPoint\",\"urlTemplate\":\"https:\/\/notarglonekova.sk\/?s={search_term_string}\"},\"query-input\":{\"@type\":\"PropertyValueSpecification\",\"valueRequired\":true,\"valueName\":\"search_term_string\"}}],\"inLanguage\":\"sk-SK\"},{\"@type\":\"Organization\",\"@id\":\"https:\/\/notarglonekova.sk\/#organization\",\"name\":\"JUDr. Mgr. Sabina Glonekov\u00e1, not\u00e1r\",\"url\":\"https:\/\/notarglonekova.sk\/\",\"logo\":{\"@type\":\"ImageObject\",\"inLanguage\":\"sk-SK\",\"@id\":\"https:\/\/notarglonekova.sk\/#\/schema\/logo\/image\/\",\"url\":\"http:\/\/notarglonekova.sk\/wp-content\/uploads\/2023\/02\/Justice.jpg\",\"contentUrl\":\"http:\/\/notarglonekova.sk\/wp-content\/uploads\/2023\/02\/Justice.jpg\",\"width\":1180,\"height\":560,\"caption\":\"JUDr. Mgr. Sabina Glonekov\u00e1, not\u00e1r\"},\"image\":{\"@id\":\"https:\/\/notarglonekova.sk\/#\/schema\/logo\/image\/\"}}]}<\/script>\n<!-- \/ Yoast SEO plugin. -->","yoast_head_json":{"title":"O n\u00e1s -","description":"JUDr. Mgr. Sabina Glonekov\u00e1, not\u00e1rka.","robots":{"index":"index","follow":"follow","max-snippet":"max-snippet:-1","max-image-preview":"max-image-preview:large","max-video-preview":"max-video-preview:-1"},"canonical":"https:\/\/notarglonekova.sk\/?page_id=265","og_locale":"sk_SK","og_type":"article","og_title":"O n\u00e1s -","og_description":"JUDr. Mgr. Sabina Glonekov\u00e1, not\u00e1rka.","og_url":"https:\/\/notarglonekova.sk\/?page_id=265","article_modified_time":"2023-03-28T12:25:43+00:00","twitter_card":"summary_large_image","twitter_misc":{"Predpokladan\u00fd \u010das \u010d\u00edtania":"2 min\u00faty"},"schema":{"@context":"https:\/\/schema.org","@graph":[{"@type":"WebPage","@id":"https:\/\/notarglonekova.sk\/?page_id=265","url":"https:\/\/notarglonekova.sk\/?page_id=265","name":"O n\u00e1s -","isPartOf":{"@id":"https:\/\/notarglonekova.sk\/#website"},"datePublished":"2023-02-22T20:40:13+00:00","dateModified":"2023-03-28T12:25:43+00:00","description":"JUDr. Mgr. Sabina Glonekov\u00e1, not\u00e1rka.","breadcrumb":{"@id":"https:\/\/notarglonekova.sk\/?page_id=265#breadcrumb"},"inLanguage":"sk-SK","potentialAction":[{"@type":"ReadAction","target":["https:\/\/notarglonekova.sk\/?page_id=265"]}]},{"@type":"BreadcrumbList","@id":"https:\/\/notarglonekova.sk\/?page_id=265#breadcrumb","itemListElement":[{"@type":"ListItem","position":1,"name":"Domovsk\u00e1 str\u00e1nka","item":"https:\/\/notarglonekova.sk\/"},{"@type":"ListItem","position":2,"name":"O n\u00e1s"}]},{"@type":"WebSite","@id":"https:\/\/notarglonekova.sk\/#website","url":"https:\/\/notarglonekova.sk\/","name":"https:\/\/notarglonekova.sk\/","description":"Not\u00e1r v centre Ve\u013ek\u00e9ho Medera","publisher":{"@id":"https:\/\/notarglonekova.sk\/#organization"},"potentialAction":[{"@type":"SearchAction","target":{"@type":"EntryPoint","urlTemplate":"https:\/\/notarglonekova.sk\/?s={search_term_string}"},"query-input":{"@type":"PropertyValueSpecification","valueRequired":true,"valueName":"search_term_string"}}],"inLanguage":"sk-SK"},{"@type":"Organization","@id":"https:\/\/notarglonekova.sk\/#organization","name":"JUDr. Mgr. Sabina Glonekov\u00e1, not\u00e1r","url":"https:\/\/notarglonekova.sk\/","logo":{"@type":"ImageObject","inLanguage":"sk-SK","@id":"https:\/\/notarglonekova.sk\/#\/schema\/logo\/image\/","url":"http:\/\/notarglonekova.sk\/wp-content\/uploads\/2023\/02\/Justice.jpg","contentUrl":"http:\/\/notarglonekova.sk\/wp-content\/uploads\/2023\/02\/Justice.jpg","width":1180,"height":560,"caption":"JUDr. Mgr. Sabina Glonekov\u00e1, not\u00e1r"},"image":{"@id":"https:\/\/notarglonekova.sk\/#\/schema\/logo\/image\/"}}]}},"_links":{"self":[{"href":"https:\/\/notarglonekova.sk\/index.php?rest_route=\/wp\/v2\/pages\/265"}],"collection":[{"href":"https:\/\/notarglonekova.sk\/index.php?rest_route=\/wp\/v2\/pages"}],"about":[{"href":"https:\/\/notarglonekova.sk\/index.php?rest_route=\/wp\/v2\/types\/page"}],"author":[{"embeddable":true,"href":"https:\/\/notarglonekova.sk\/index.php?rest_route=\/wp\/v2\/users\/1"}],"replies":[{"embeddable":true,"href":"https:\/\/notarglonekova.sk\/index.php?rest_route=%2Fwp%2Fv2%2Fcomments&post=265"}],"version-history":[{"count":6,"href":"https:\/\/notarglonekova.sk\/index.php?rest_route=\/wp\/v2\/pages\/265\/revisions"}],"predecessor-version":[{"id":1014,"href":"https:\/\/notarglonekova.sk\/index.php?rest_route=\/wp\/v2\/pages\/265\/revisions\/1014"}],"wp:attachment":[{"href":"https:\/\/notarglonekova.sk\/index.php?rest_route=%2Fwp%2Fv2%2Fmedia&parent=265"}],"curies":[{"name":"wp","href":"https:\/\/api.w.org\/{rel}","templated":true}]}}