{"id":242,"date":"2023-02-22T16:59:30","date_gmt":"2023-02-22T15:59:30","guid":{"rendered":"http:\/\/notarglonekova.sk\/?page_id=242"},"modified":"2023-03-28T14:24:25","modified_gmt":"2023-03-28T12:24:25","slug":"uradna-tabula","status":"publish","type":"page","link":"https:\/\/notarglonekova.sk\/?page_id=242","title":{"rendered":"\u00daradn\u00e1 tabu\u013ea"},"content":{"rendered":"\t\t<div data-elementor-type=\"wp-page\" data-elementor-id=\"242\" class=\"elementor elementor-242\">\n\t\t\t\t\t\t<section class=\"elementor-section elementor-top-section elementor-element elementor-element-1f41ad21 elementor-section-boxed elementor-section-height-default elementor-section-height-default\" data-id=\"1f41ad21\" data-element_type=\"section\" data-settings=\"{&quot;background_background&quot;:&quot;classic&quot;}\">\n\t\t\t\t\t\t\t<div class=\"elementor-background-overlay\"><\/div>\n\t\t\t\t\t\t\t<div class=\"elementor-container elementor-column-gap-default\">\n\t\t\t\t\t<div class=\"elementor-column elementor-col-100 elementor-top-column elementor-element elementor-element-448ff56\" data-id=\"448ff56\" data-element_type=\"column\">\n\t\t\t<div class=\"elementor-widget-wrap elementor-element-populated\">\n\t\t\t\t\t\t<div class=\"elementor-element elementor-element-532d000c elementor-invisible elementor-widget elementor-widget-heading\" data-id=\"532d000c\" data-element_type=\"widget\" data-settings=\"{&quot;_animation&quot;:&quot;fadeInUp&quot;,&quot;_animation_delay&quot;:500}\" data-widget_type=\"heading.default\">\n\t\t\t\t<div class=\"elementor-widget-container\">\n\t\t\t\t\t<h1 class=\"elementor-heading-title elementor-size-default\">\u00daradn\u00e1 tabu\u013ea not\u00e1ra<\/h1>\t\t\t\t<\/div>\n\t\t\t\t<\/div>\n\t\t\t\t<div class=\"elementor-element elementor-element-45d074e6 elementor-invisible elementor-widget elementor-widget-text-editor\" data-id=\"45d074e6\" data-element_type=\"widget\" data-settings=\"{&quot;_animation&quot;:&quot;fadeInUp&quot;,&quot;_animation_delay&quot;:500}\" data-widget_type=\"text-editor.default\">\n\t\t\t\t<div class=\"elementor-widget-container\">\n\t\t\t\t\t\t\t\t\t<p>\u00a0<\/p><p><blockquote class=\"wp-embedded-content\" data-secret=\"vEEJMeIL0W\"><a href=\"https:\/\/www.notar.sk\/notarsky-urad\/\">Not\u00e1rsky \u00farad<\/a><\/blockquote><iframe class=\"wp-embedded-content\" sandbox=\"allow-scripts\" security=\"restricted\" style=\"position: absolute; clip: rect(1px, 1px, 1px, 1px);\" title=\"&#8220;Not\u00e1rsky \u00farad&#8221; &#8212; Not\u00e1rska komora\" src=\"https:\/\/www.notar.sk\/notarsky-urad\/embed\/#?secret=pKVJCvhmeS#?secret=vEEJMeIL0W\" data-secret=\"vEEJMeIL0W\" width=\"500\" height=\"282\" frameborder=\"0\" marginwidth=\"0\" marginheight=\"0\" scrolling=\"no\"><\/iframe><\/p>\t\t\t\t\t\t\t\t<\/div>\n\t\t\t\t<\/div>\n\t\t\t\t\t<\/div>\n\t\t<\/div>\n\t\t\t\t\t<\/div>\n\t\t<\/section>\n\t\t\t\t<\/div>\n\t\t","protected":false},"excerpt":{"rendered":"<p>\u00daradn\u00e1 tabu\u013ea not\u00e1ra Not\u00e1rsky \u00farad<\/p>\n","protected":false},"author":1,"featured_media":0,"parent":0,"menu_order":5,"comment_status":"closed","ping_status":"closed","template":"","meta":{"_monsterinsights_skip_tracking":false,"_monsterinsights_sitenote_active":false,"_monsterinsights_sitenote_note":"","_monsterinsights_sitenote_category":0,"site-sidebar-layout":"no-sidebar","site-content-layout":"page-builder","ast-site-content-layout":"","site-content-style":"default","site-sidebar-style":"default","ast-global-header-display":"","ast-banner-title-visibility":"","ast-main-header-display":"","ast-hfb-above-header-display":"","ast-hfb-below-header-display":"","ast-hfb-mobile-header-display":"","site-post-title":"disabled","ast-breadcrumbs-content":"","ast-featured-img":"disabled","footer-sml-layout":"","theme-transparent-header-meta":"","adv-header-id-meta":"","stick-header-meta":"","header-above-stick-meta":"","header-main-stick-meta":"","header-below-stick-meta":"","astra-migrate-meta-layouts":"default","ast-page-background-enabled":"default","ast-page-background-meta":{"desktop":{"background-color":"var(--ast-global-color-4)","background-image":"","background-repeat":"repeat","background-position":"center center","background-size":"auto","background-attachment":"scroll","background-type":"","background-media":"","overlay-type":"","overlay-color":"","overlay-gradient":""},"tablet":{"background-color":"","background-image":"","background-repeat":"repeat","background-position":"center center","background-size":"auto","background-attachment":"scroll","background-type":"","background-media":"","overlay-type":"","overlay-color":"","overlay-gradient":""},"mobile":{"background-color":"","background-image":"","background-repeat":"repeat","background-position":"center center","background-size":"auto","background-attachment":"scroll","background-type":"","background-media":"","overlay-type":"","overlay-color":"","overlay-gradient":""}},"ast-content-background-meta":{"desktop":{"background-color":"var(--ast-global-color-5)","background-image":"","background-repeat":"repeat","background-position":"center center","background-size":"auto","background-attachment":"scroll","background-type":"","background-media":"","overlay-type":"","overlay-color":"","overlay-gradient":""},"tablet":{"background-color":"var(--ast-global-color-5)","background-image":"","background-repeat":"repeat","background-position":"center center","background-size":"auto","background-attachment":"scroll","background-type":"","background-media":"","overlay-type":"","overlay-color":"","overlay-gradient":""},"mobile":{"background-color":"var(--ast-global-color-5)","background-image":"","background-repeat":"repeat","background-position":"center center","background-size":"auto","background-attachment":"scroll","background-type":"","background-media":"","overlay-type":"","overlay-color":"","overlay-gradient":""}},"footnotes":""},"yoast_head":"<!-- This site is optimized with the Yoast SEO plugin v23.5 - https:\/\/yoast.com\/wordpress\/plugins\/seo\/ -->\n<title>\u00daradn\u00e1 tabu\u013ea -<\/title>\n<meta name=\"description\" content=\"Elektronick\u00e1 \u00faradn\u00e1 tabu\u013ea not\u00e1ra zverejnen\u00e1 na str\u00e1nke Not\u00e1rskej komory SR.\" \/>\n<meta name=\"robots\" content=\"index, follow, max-snippet:-1, max-image-preview:large, max-video-preview:-1\" \/>\n<link rel=\"canonical\" href=\"https:\/\/notarglonekova.sk\/?page_id=242\" \/>\n<meta property=\"og:locale\" content=\"sk_SK\" \/>\n<meta property=\"og:type\" content=\"article\" \/>\n<meta property=\"og:title\" content=\"\u00daradn\u00e1 tabu\u013ea -\" \/>\n<meta property=\"og:description\" content=\"Elektronick\u00e1 \u00faradn\u00e1 tabu\u013ea not\u00e1ra zverejnen\u00e1 na str\u00e1nke Not\u00e1rskej komory SR.\" \/>\n<meta property=\"og:url\" content=\"https:\/\/notarglonekova.sk\/?page_id=242\" \/>\n<meta property=\"article:modified_time\" content=\"2023-03-28T12:24:25+00:00\" \/>\n<meta name=\"twitter:card\" content=\"summary_large_image\" \/>\n<meta name=\"twitter:label1\" content=\"Predpokladan\u00fd \u010das \u010d\u00edtania\" \/>\n\t<meta name=\"twitter:data1\" content=\"1 min\u00fata\" \/>\n<script type=\"application\/ld+json\" class=\"yoast-schema-graph\">{\"@context\":\"https:\/\/schema.org\",\"@graph\":[{\"@type\":\"WebPage\",\"@id\":\"https:\/\/notarglonekova.sk\/?page_id=242\",\"url\":\"https:\/\/notarglonekova.sk\/?page_id=242\",\"name\":\"\u00daradn\u00e1 tabu\u013ea -\",\"isPartOf\":{\"@id\":\"https:\/\/notarglonekova.sk\/#website\"},\"datePublished\":\"2023-02-22T15:59:30+00:00\",\"dateModified\":\"2023-03-28T12:24:25+00:00\",\"description\":\"Elektronick\u00e1 \u00faradn\u00e1 tabu\u013ea not\u00e1ra zverejnen\u00e1 na str\u00e1nke Not\u00e1rskej komory SR.\",\"breadcrumb\":{\"@id\":\"https:\/\/notarglonekova.sk\/?page_id=242#breadcrumb\"},\"inLanguage\":\"sk-SK\",\"potentialAction\":[{\"@type\":\"ReadAction\",\"target\":[\"https:\/\/notarglonekova.sk\/?page_id=242\"]}]},{\"@type\":\"BreadcrumbList\",\"@id\":\"https:\/\/notarglonekova.sk\/?page_id=242#breadcrumb\",\"itemListElement\":[{\"@type\":\"ListItem\",\"position\":1,\"name\":\"Domovsk\u00e1 str\u00e1nka\",\"item\":\"https:\/\/notarglonekova.sk\/\"},{\"@type\":\"ListItem\",\"position\":2,\"name\":\"\u00daradn\u00e1 tabu\u013ea\"}]},{\"@type\":\"WebSite\",\"@id\":\"https:\/\/notarglonekova.sk\/#website\",\"url\":\"https:\/\/notarglonekova.sk\/\",\"name\":\"https:\/\/notarglonekova.sk\/\",\"description\":\"Not\u00e1r v centre Ve\u013ek\u00e9ho Medera\",\"publisher\":{\"@id\":\"https:\/\/notarglonekova.sk\/#organization\"},\"potentialAction\":[{\"@type\":\"SearchAction\",\"target\":{\"@type\":\"EntryPoint\",\"urlTemplate\":\"https:\/\/notarglonekova.sk\/?s={search_term_string}\"},\"query-input\":{\"@type\":\"PropertyValueSpecification\",\"valueRequired\":true,\"valueName\":\"search_term_string\"}}],\"inLanguage\":\"sk-SK\"},{\"@type\":\"Organization\",\"@id\":\"https:\/\/notarglonekova.sk\/#organization\",\"name\":\"JUDr. Mgr. Sabina Glonekov\u00e1, not\u00e1r\",\"url\":\"https:\/\/notarglonekova.sk\/\",\"logo\":{\"@type\":\"ImageObject\",\"inLanguage\":\"sk-SK\",\"@id\":\"https:\/\/notarglonekova.sk\/#\/schema\/logo\/image\/\",\"url\":\"http:\/\/notarglonekova.sk\/wp-content\/uploads\/2023\/02\/Justice.jpg\",\"contentUrl\":\"http:\/\/notarglonekova.sk\/wp-content\/uploads\/2023\/02\/Justice.jpg\",\"width\":1180,\"height\":560,\"caption\":\"JUDr. Mgr. Sabina Glonekov\u00e1, not\u00e1r\"},\"image\":{\"@id\":\"https:\/\/notarglonekova.sk\/#\/schema\/logo\/image\/\"}}]}<\/script>\n<!-- \/ Yoast SEO plugin. -->","yoast_head_json":{"title":"\u00daradn\u00e1 tabu\u013ea -","description":"Elektronick\u00e1 \u00faradn\u00e1 tabu\u013ea not\u00e1ra zverejnen\u00e1 na str\u00e1nke Not\u00e1rskej komory SR.","robots":{"index":"index","follow":"follow","max-snippet":"max-snippet:-1","max-image-preview":"max-image-preview:large","max-video-preview":"max-video-preview:-1"},"canonical":"https:\/\/notarglonekova.sk\/?page_id=242","og_locale":"sk_SK","og_type":"article","og_title":"\u00daradn\u00e1 tabu\u013ea -","og_description":"Elektronick\u00e1 \u00faradn\u00e1 tabu\u013ea not\u00e1ra zverejnen\u00e1 na str\u00e1nke Not\u00e1rskej komory SR.","og_url":"https:\/\/notarglonekova.sk\/?page_id=242","article_modified_time":"2023-03-28T12:24:25+00:00","twitter_card":"summary_large_image","twitter_misc":{"Predpokladan\u00fd \u010das \u010d\u00edtania":"1 min\u00fata"},"schema":{"@context":"https:\/\/schema.org","@graph":[{"@type":"WebPage","@id":"https:\/\/notarglonekova.sk\/?page_id=242","url":"https:\/\/notarglonekova.sk\/?page_id=242","name":"\u00daradn\u00e1 tabu\u013ea -","isPartOf":{"@id":"https:\/\/notarglonekova.sk\/#website"},"datePublished":"2023-02-22T15:59:30+00:00","dateModified":"2023-03-28T12:24:25+00:00","description":"Elektronick\u00e1 \u00faradn\u00e1 tabu\u013ea not\u00e1ra zverejnen\u00e1 na str\u00e1nke Not\u00e1rskej komory SR.","breadcrumb":{"@id":"https:\/\/notarglonekova.sk\/?page_id=242#breadcrumb"},"inLanguage":"sk-SK","potentialAction":[{"@type":"ReadAction","target":["https:\/\/notarglonekova.sk\/?page_id=242"]}]},{"@type":"BreadcrumbList","@id":"https:\/\/notarglonekova.sk\/?page_id=242#breadcrumb","itemListElement":[{"@type":"ListItem","position":1,"name":"Domovsk\u00e1 str\u00e1nka","item":"https:\/\/notarglonekova.sk\/"},{"@type":"ListItem","position":2,"name":"\u00daradn\u00e1 tabu\u013ea"}]},{"@type":"WebSite","@id":"https:\/\/notarglonekova.sk\/#website","url":"https:\/\/notarglonekova.sk\/","name":"https:\/\/notarglonekova.sk\/","description":"Not\u00e1r v centre Ve\u013ek\u00e9ho Medera","publisher":{"@id":"https:\/\/notarglonekova.sk\/#organization"},"potentialAction":[{"@type":"SearchAction","target":{"@type":"EntryPoint","urlTemplate":"https:\/\/notarglonekova.sk\/?s={search_term_string}"},"query-input":{"@type":"PropertyValueSpecification","valueRequired":true,"valueName":"search_term_string"}}],"inLanguage":"sk-SK"},{"@type":"Organization","@id":"https:\/\/notarglonekova.sk\/#organization","name":"JUDr. Mgr. Sabina Glonekov\u00e1, not\u00e1r","url":"https:\/\/notarglonekova.sk\/","logo":{"@type":"ImageObject","inLanguage":"sk-SK","@id":"https:\/\/notarglonekova.sk\/#\/schema\/logo\/image\/","url":"http:\/\/notarglonekova.sk\/wp-content\/uploads\/2023\/02\/Justice.jpg","contentUrl":"http:\/\/notarglonekova.sk\/wp-content\/uploads\/2023\/02\/Justice.jpg","width":1180,"height":560,"caption":"JUDr. Mgr. Sabina Glonekov\u00e1, not\u00e1r"},"image":{"@id":"https:\/\/notarglonekova.sk\/#\/schema\/logo\/image\/"}}]}},"_links":{"self":[{"href":"https:\/\/notarglonekova.sk\/index.php?rest_route=\/wp\/v2\/pages\/242"}],"collection":[{"href":"https:\/\/notarglonekova.sk\/index.php?rest_route=\/wp\/v2\/pages"}],"about":[{"href":"https:\/\/notarglonekova.sk\/index.php?rest_route=\/wp\/v2\/types\/page"}],"author":[{"embeddable":true,"href":"https:\/\/notarglonekova.sk\/index.php?rest_route=\/wp\/v2\/users\/1"}],"replies":[{"embeddable":true,"href":"https:\/\/notarglonekova.sk\/index.php?rest_route=%2Fwp%2Fv2%2Fcomments&post=242"}],"version-history":[{"count":6,"href":"https:\/\/notarglonekova.sk\/index.php?rest_route=\/wp\/v2\/pages\/242\/revisions"}],"predecessor-version":[{"id":1038,"href":"https:\/\/notarglonekova.sk\/index.php?rest_route=\/wp\/v2\/pages\/242\/revisions\/1038"}],"wp:attachment":[{"href":"https:\/\/notarglonekova.sk\/index.php?rest_route=%2Fwp%2Fv2%2Fmedia&parent=242"}],"curies":[{"name":"wp","href":"https:\/\/api.w.org\/{rel}","templated":true}]}}