{"id":232,"date":"2023-02-22T16:53:27","date_gmt":"2023-02-22T15:53:27","guid":{"rendered":"http:\/\/notarglonekova.sk\/?page_id=232"},"modified":"2025-01-20T11:22:47","modified_gmt":"2025-01-20T10:22:47","slug":"poplatky","status":"publish","type":"page","link":"https:\/\/notarglonekova.sk\/?page_id=232","title":{"rendered":"Poplatky"},"content":{"rendered":"\t\t<div data-elementor-type=\"wp-page\" data-elementor-id=\"232\" class=\"elementor elementor-232\">\n\t\t\t\t\t\t<section class=\"elementor-section elementor-top-section elementor-element elementor-element-42adfc5a elementor-section-boxed elementor-section-height-default elementor-section-height-default\" data-id=\"42adfc5a\" data-element_type=\"section\" data-settings=\"{&quot;background_background&quot;:&quot;classic&quot;}\">\n\t\t\t\t\t\t\t<div class=\"elementor-background-overlay\"><\/div>\n\t\t\t\t\t\t\t<div class=\"elementor-container elementor-column-gap-default\">\n\t\t\t\t\t<div class=\"elementor-column elementor-col-100 elementor-top-column elementor-element elementor-element-401a77bf\" data-id=\"401a77bf\" data-element_type=\"column\" data-settings=\"{&quot;background_background&quot;:&quot;classic&quot;}\">\n\t\t\t<div class=\"elementor-widget-wrap elementor-element-populated\">\n\t\t\t\t\t\t<div class=\"elementor-element elementor-element-46f95ec8 elementor-invisible elementor-widget elementor-widget-heading\" data-id=\"46f95ec8\" data-element_type=\"widget\" data-settings=\"{&quot;_animation&quot;:&quot;fadeInUp&quot;,&quot;_animation_delay&quot;:500}\" data-widget_type=\"heading.default\">\n\t\t\t\t<div class=\"elementor-widget-container\">\n\t\t\t\t\t<h1 class=\"elementor-heading-title elementor-size-default\">Poplatky<br><\/h1>\t\t\t\t<\/div>\n\t\t\t\t<\/div>\n\t\t\t\t<div class=\"elementor-element elementor-element-4a14884 elementor-align-center elementor-widget elementor-widget-button\" data-id=\"4a14884\" data-element_type=\"widget\" data-widget_type=\"button.default\">\n\t\t\t\t<div class=\"elementor-widget-container\">\n\t\t\t\t\t\t\t\t\t<div class=\"elementor-button-wrapper\">\n\t\t\t\t\t<a class=\"elementor-button elementor-button-link elementor-size-md\" href=\"http:\/\/notarglonekova.sk\/wp-content\/uploads\/2025\/01\/Vyhlaska-MS-SR-o-odmenach-a-nahradach-notarov.pdf\">\n\t\t\t\t\t\t<span class=\"elementor-button-content-wrapper\">\n\t\t\t\t\t\t\t\t\t<span class=\"elementor-button-text\">Vyhl\u00e1\u0161ka MS SR o odmen\u00e1ch a n\u00e1hrad\u00e1ch not\u00e1rov<\/span>\n\t\t\t\t\t<\/span>\n\t\t\t\t\t<\/a>\n\t\t\t\t<\/div>\n\t\t\t\t\t\t\t\t<\/div>\n\t\t\t\t<\/div>\n\t\t\t\t\t<\/div>\n\t\t<\/div>\n\t\t\t\t\t<\/div>\n\t\t<\/section>\n\t\t\t\t<section class=\"elementor-section elementor-top-section elementor-element elementor-element-4b8b7b53 elementor-section-boxed elementor-section-height-default elementor-section-height-default\" data-id=\"4b8b7b53\" data-element_type=\"section\" data-settings=\"{&quot;background_background&quot;:&quot;classic&quot;}\">\n\t\t\t\t\t\t\t<div class=\"elementor-background-overlay\"><\/div>\n\t\t\t\t\t\t\t<div class=\"elementor-container elementor-column-gap-default\">\n\t\t\t\t\t<div class=\"elementor-column elementor-col-100 elementor-top-column elementor-element elementor-element-30fc04bb\" data-id=\"30fc04bb\" data-element_type=\"column\">\n\t\t\t<div class=\"elementor-widget-wrap elementor-element-populated\">\n\t\t\t\t\t\t<div class=\"elementor-element elementor-element-5623f70e elementor-widget elementor-widget-text-editor\" data-id=\"5623f70e\" data-element_type=\"widget\" data-widget_type=\"text-editor.default\">\n\t\t\t\t<div class=\"elementor-widget-container\">\n\t\t\t\t\t\t\t\t\t<p>Za \u010dinnos\u0165 not\u00e1ra pod\u013ea not\u00e1rskeho poriadku patr\u00ed not\u00e1rovi odmena, n\u00e1hrada hotov\u00fdch v\u00fddavkov a n\u00e1hrada za stratu \u010dasu, ktor\u00e9 tvoria pr\u00edjem not\u00e1ra. Sadzby odmeny not\u00e1ra s\u00fa stanoven\u00e9 vo Vyhl\u00e1\u0161ke Ministerstva spravodlivosti Slovenskej republiky \u010d. 31\/1993 Z. z. o odmen\u00e1ch a n\u00e1hrad\u00e1ch not\u00e1rov a s\u00fa ur\u010den\u00e9 pevn\u00fdmi sumami alebo percentom z ceny predmetu not\u00e1rskeho \u00fakonu, a to za jednotliv\u00e9 not\u00e1rske \u00fakony, alebo za s\u00fahrn not\u00e1rskych \u00fakonov. V cene \u00fakonu not\u00e1ra je taktie\u017e zahrnut\u00e1 odmena a n\u00e1hrada hotov\u00fdch v\u00fddavkov za pr\u00edstup do Centr\u00e1lneho informa\u010dn\u00e9ho syst\u00e9mu Not\u00e1rskej komory SR.<\/p><p>Cena \u00fakonu not\u00e1ra sa takisto zvy\u0161uje o DPH vo v\u00fd\u0161ke 23 %, a to z d\u00f4vodu, \u017ee ka\u017ed\u00fd not\u00e1r p\u00f4sobiaci na \u00fazem\u00ed Slovenskej republiky mus\u00ed by\u0165 v zmysle Uznesenia mimoriadnej konferencie not\u00e1rov platcom DPH.<\/p><p>Pre bli\u017e\u0161ie obozn\u00e1menie sa s\u00a0v\u00fd\u0161kou not\u00e1rskych poplatkov za jednotliv\u00e9 \u00fakony not\u00e1rskej \u010dinnosti si pozrite vy\u0161\u0161ie uveden\u00fa Vyhl\u00e1\u0161ku MS SR (kliknite na vy\u0161\u0161ie uveden\u00fd odkaz).\u00a0<\/p>\t\t\t\t\t\t\t\t<\/div>\n\t\t\t\t<\/div>\n\t\t\t\t\t<\/div>\n\t\t<\/div>\n\t\t\t\t\t<\/div>\n\t\t<\/section>\n\t\t\t\t<\/div>\n\t\t","protected":false},"excerpt":{"rendered":"<p>Poplatky Vyhl\u00e1\u0161ka MS SR o odmen\u00e1ch a n\u00e1hrad\u00e1ch not\u00e1rov Za \u010dinnos\u0165 not\u00e1ra pod\u013ea not\u00e1rskeho poriadku patr\u00ed not\u00e1rovi odmena, n\u00e1hrada hotov\u00fdch v\u00fddavkov a n\u00e1hrada za stratu \u010dasu, ktor\u00e9 tvoria pr\u00edjem not\u00e1ra. Sadzby odmeny not\u00e1ra s\u00fa stanoven\u00e9 vo Vyhl\u00e1\u0161ke Ministerstva spravodlivosti Slovenskej republiky \u010d. 31\/1993 Z. z. o odmen\u00e1ch a n\u00e1hrad\u00e1ch not\u00e1rov a s\u00fa ur\u010den\u00e9 pevn\u00fdmi sumami [&hellip;]<\/p>\n","protected":false},"author":1,"featured_media":0,"parent":0,"menu_order":4,"comment_status":"closed","ping_status":"closed","template":"","meta":{"_monsterinsights_skip_tracking":false,"_monsterinsights_sitenote_active":false,"_monsterinsights_sitenote_note":"","_monsterinsights_sitenote_category":0,"site-sidebar-layout":"no-sidebar","site-content-layout":"page-builder","ast-site-content-layout":"","site-content-style":"default","site-sidebar-style":"default","ast-global-header-display":"","ast-banner-title-visibility":"","ast-main-header-display":"","ast-hfb-above-header-display":"","ast-hfb-below-header-display":"","ast-hfb-mobile-header-display":"","site-post-title":"disabled","ast-breadcrumbs-content":"","ast-featured-img":"disabled","footer-sml-layout":"","theme-transparent-header-meta":"","adv-header-id-meta":"","stick-header-meta":"","header-above-stick-meta":"","header-main-stick-meta":"","header-below-stick-meta":"","astra-migrate-meta-layouts":"default","ast-page-background-enabled":"default","ast-page-background-meta":{"desktop":{"background-color":"var(--ast-global-color-4)","background-image":"","background-repeat":"repeat","background-position":"center center","background-size":"auto","background-attachment":"scroll","background-type":"","background-media":"","overlay-type":"","overlay-color":"","overlay-gradient":""},"tablet":{"background-color":"","background-image":"","background-repeat":"repeat","background-position":"center center","background-size":"auto","background-attachment":"scroll","background-type":"","background-media":"","overlay-type":"","overlay-color":"","overlay-gradient":""},"mobile":{"background-color":"","background-image":"","background-repeat":"repeat","background-position":"center center","background-size":"auto","background-attachment":"scroll","background-type":"","background-media":"","overlay-type":"","overlay-color":"","overlay-gradient":""}},"ast-content-background-meta":{"desktop":{"background-color":"var(--ast-global-color-5)","background-image":"","background-repeat":"repeat","background-position":"center center","background-size":"auto","background-attachment":"scroll","background-type":"","background-media":"","overlay-type":"","overlay-color":"","overlay-gradient":""},"tablet":{"background-color":"var(--ast-global-color-5)","background-image":"","background-repeat":"repeat","background-position":"center center","background-size":"auto","background-attachment":"scroll","background-type":"","background-media":"","overlay-type":"","overlay-color":"","overlay-gradient":""},"mobile":{"background-color":"var(--ast-global-color-5)","background-image":"","background-repeat":"repeat","background-position":"center center","background-size":"auto","background-attachment":"scroll","background-type":"","background-media":"","overlay-type":"","overlay-color":"","overlay-gradient":""}},"footnotes":""},"yoast_head":"<!-- This site is optimized with the Yoast SEO plugin v23.5 - https:\/\/yoast.com\/wordpress\/plugins\/seo\/ -->\n<title>Poplatky -<\/title>\n<meta name=\"description\" content=\"Za \u010dinnos\u0165 not\u00e1ra pod\u013ea not\u00e1rskeho poriadku patr\u00ed not\u00e1rovi odmena, n\u00e1hrada hotov\u00fdch v\u00fddavkov a n\u00e1hrada za stratu \u010dasu, ktor\u00e9 tvoria pr\u00edjem not\u00e1ra. Sadzby odmeny not\u00e1ra s\u00fa stanoven\u00e9 vo Vyhl\u00e1\u0161ke Ministerstva spravodlivosti Slovenskej republiky \u010d. 31\/1993 Z. z. o odmen\u00e1ch a n\u00e1hrad\u00e1ch not\u00e1rov a s\u00fa ur\u010den\u00e9 pevn\u00fdmi sumami alebo percentom z ceny predmetu not\u00e1rskeho \u00fakonu, a to za jednotliv\u00e9 not\u00e1rske \u00fakony, alebo za s\u00fahrn not\u00e1rskych \u00fakonov.\" \/>\n<meta name=\"robots\" content=\"index, follow, max-snippet:-1, max-image-preview:large, max-video-preview:-1\" \/>\n<link rel=\"canonical\" href=\"https:\/\/notarglonekova.sk\/?page_id=232\" \/>\n<meta property=\"og:locale\" content=\"sk_SK\" \/>\n<meta property=\"og:type\" content=\"article\" \/>\n<meta property=\"og:title\" content=\"Poplatky -\" \/>\n<meta property=\"og:description\" content=\"Za \u010dinnos\u0165 not\u00e1ra pod\u013ea not\u00e1rskeho poriadku patr\u00ed not\u00e1rovi odmena, n\u00e1hrada hotov\u00fdch v\u00fddavkov a n\u00e1hrada za stratu \u010dasu, ktor\u00e9 tvoria pr\u00edjem not\u00e1ra. Sadzby odmeny not\u00e1ra s\u00fa stanoven\u00e9 vo Vyhl\u00e1\u0161ke Ministerstva spravodlivosti Slovenskej republiky \u010d. 31\/1993 Z. z. o odmen\u00e1ch a n\u00e1hrad\u00e1ch not\u00e1rov a s\u00fa ur\u010den\u00e9 pevn\u00fdmi sumami alebo percentom z ceny predmetu not\u00e1rskeho \u00fakonu, a to za jednotliv\u00e9 not\u00e1rske \u00fakony, alebo za s\u00fahrn not\u00e1rskych \u00fakonov.\" \/>\n<meta property=\"og:url\" content=\"https:\/\/notarglonekova.sk\/?page_id=232\" \/>\n<meta property=\"article:modified_time\" content=\"2025-01-20T10:22:47+00:00\" \/>\n<meta name=\"twitter:card\" content=\"summary_large_image\" \/>\n<meta name=\"twitter:label1\" content=\"Predpokladan\u00fd \u010das \u010d\u00edtania\" \/>\n\t<meta name=\"twitter:data1\" content=\"1 min\u00fata\" \/>\n<script type=\"application\/ld+json\" class=\"yoast-schema-graph\">{\"@context\":\"https:\/\/schema.org\",\"@graph\":[{\"@type\":\"WebPage\",\"@id\":\"https:\/\/notarglonekova.sk\/?page_id=232\",\"url\":\"https:\/\/notarglonekova.sk\/?page_id=232\",\"name\":\"Poplatky -\",\"isPartOf\":{\"@id\":\"https:\/\/notarglonekova.sk\/#website\"},\"datePublished\":\"2023-02-22T15:53:27+00:00\",\"dateModified\":\"2025-01-20T10:22:47+00:00\",\"description\":\"Za \u010dinnos\u0165 not\u00e1ra pod\u013ea not\u00e1rskeho poriadku patr\u00ed not\u00e1rovi odmena, n\u00e1hrada hotov\u00fdch v\u00fddavkov a n\u00e1hrada za stratu \u010dasu, ktor\u00e9 tvoria pr\u00edjem not\u00e1ra. Sadzby odmeny not\u00e1ra s\u00fa stanoven\u00e9 vo Vyhl\u00e1\u0161ke Ministerstva spravodlivosti Slovenskej republiky \u010d. 31\/1993 Z. z. o odmen\u00e1ch a n\u00e1hrad\u00e1ch not\u00e1rov a s\u00fa ur\u010den\u00e9 pevn\u00fdmi sumami alebo percentom z ceny predmetu not\u00e1rskeho \u00fakonu, a to za jednotliv\u00e9 not\u00e1rske \u00fakony, alebo za s\u00fahrn not\u00e1rskych \u00fakonov.\",\"breadcrumb\":{\"@id\":\"https:\/\/notarglonekova.sk\/?page_id=232#breadcrumb\"},\"inLanguage\":\"sk-SK\",\"potentialAction\":[{\"@type\":\"ReadAction\",\"target\":[\"https:\/\/notarglonekova.sk\/?page_id=232\"]}]},{\"@type\":\"BreadcrumbList\",\"@id\":\"https:\/\/notarglonekova.sk\/?page_id=232#breadcrumb\",\"itemListElement\":[{\"@type\":\"ListItem\",\"position\":1,\"name\":\"Domovsk\u00e1 str\u00e1nka\",\"item\":\"https:\/\/notarglonekova.sk\/\"},{\"@type\":\"ListItem\",\"position\":2,\"name\":\"Poplatky\"}]},{\"@type\":\"WebSite\",\"@id\":\"https:\/\/notarglonekova.sk\/#website\",\"url\":\"https:\/\/notarglonekova.sk\/\",\"name\":\"https:\/\/notarglonekova.sk\/\",\"description\":\"Not\u00e1r v centre Ve\u013ek\u00e9ho Medera\",\"publisher\":{\"@id\":\"https:\/\/notarglonekova.sk\/#organization\"},\"potentialAction\":[{\"@type\":\"SearchAction\",\"target\":{\"@type\":\"EntryPoint\",\"urlTemplate\":\"https:\/\/notarglonekova.sk\/?s={search_term_string}\"},\"query-input\":{\"@type\":\"PropertyValueSpecification\",\"valueRequired\":true,\"valueName\":\"search_term_string\"}}],\"inLanguage\":\"sk-SK\"},{\"@type\":\"Organization\",\"@id\":\"https:\/\/notarglonekova.sk\/#organization\",\"name\":\"JUDr. Mgr. Sabina Glonekov\u00e1, not\u00e1r\",\"url\":\"https:\/\/notarglonekova.sk\/\",\"logo\":{\"@type\":\"ImageObject\",\"inLanguage\":\"sk-SK\",\"@id\":\"https:\/\/notarglonekova.sk\/#\/schema\/logo\/image\/\",\"url\":\"http:\/\/notarglonekova.sk\/wp-content\/uploads\/2023\/02\/Justice.jpg\",\"contentUrl\":\"http:\/\/notarglonekova.sk\/wp-content\/uploads\/2023\/02\/Justice.jpg\",\"width\":1180,\"height\":560,\"caption\":\"JUDr. Mgr. Sabina Glonekov\u00e1, not\u00e1r\"},\"image\":{\"@id\":\"https:\/\/notarglonekova.sk\/#\/schema\/logo\/image\/\"}}]}<\/script>\n<!-- \/ Yoast SEO plugin. -->","yoast_head_json":{"title":"Poplatky -","description":"Za \u010dinnos\u0165 not\u00e1ra pod\u013ea not\u00e1rskeho poriadku patr\u00ed not\u00e1rovi odmena, n\u00e1hrada hotov\u00fdch v\u00fddavkov a n\u00e1hrada za stratu \u010dasu, ktor\u00e9 tvoria pr\u00edjem not\u00e1ra. Sadzby odmeny not\u00e1ra s\u00fa stanoven\u00e9 vo Vyhl\u00e1\u0161ke Ministerstva spravodlivosti Slovenskej republiky \u010d. 31\/1993 Z. z. o odmen\u00e1ch a n\u00e1hrad\u00e1ch not\u00e1rov a s\u00fa ur\u010den\u00e9 pevn\u00fdmi sumami alebo percentom z ceny predmetu not\u00e1rskeho \u00fakonu, a to za jednotliv\u00e9 not\u00e1rske \u00fakony, alebo za s\u00fahrn not\u00e1rskych \u00fakonov.","robots":{"index":"index","follow":"follow","max-snippet":"max-snippet:-1","max-image-preview":"max-image-preview:large","max-video-preview":"max-video-preview:-1"},"canonical":"https:\/\/notarglonekova.sk\/?page_id=232","og_locale":"sk_SK","og_type":"article","og_title":"Poplatky -","og_description":"Za \u010dinnos\u0165 not\u00e1ra pod\u013ea not\u00e1rskeho poriadku patr\u00ed not\u00e1rovi odmena, n\u00e1hrada hotov\u00fdch v\u00fddavkov a n\u00e1hrada za stratu \u010dasu, ktor\u00e9 tvoria pr\u00edjem not\u00e1ra. Sadzby odmeny not\u00e1ra s\u00fa stanoven\u00e9 vo Vyhl\u00e1\u0161ke Ministerstva spravodlivosti Slovenskej republiky \u010d. 31\/1993 Z. z. o odmen\u00e1ch a n\u00e1hrad\u00e1ch not\u00e1rov a s\u00fa ur\u010den\u00e9 pevn\u00fdmi sumami alebo percentom z ceny predmetu not\u00e1rskeho \u00fakonu, a to za jednotliv\u00e9 not\u00e1rske \u00fakony, alebo za s\u00fahrn not\u00e1rskych \u00fakonov.","og_url":"https:\/\/notarglonekova.sk\/?page_id=232","article_modified_time":"2025-01-20T10:22:47+00:00","twitter_card":"summary_large_image","twitter_misc":{"Predpokladan\u00fd \u010das \u010d\u00edtania":"1 min\u00fata"},"schema":{"@context":"https:\/\/schema.org","@graph":[{"@type":"WebPage","@id":"https:\/\/notarglonekova.sk\/?page_id=232","url":"https:\/\/notarglonekova.sk\/?page_id=232","name":"Poplatky -","isPartOf":{"@id":"https:\/\/notarglonekova.sk\/#website"},"datePublished":"2023-02-22T15:53:27+00:00","dateModified":"2025-01-20T10:22:47+00:00","description":"Za \u010dinnos\u0165 not\u00e1ra pod\u013ea not\u00e1rskeho poriadku patr\u00ed not\u00e1rovi odmena, n\u00e1hrada hotov\u00fdch v\u00fddavkov a n\u00e1hrada za stratu \u010dasu, ktor\u00e9 tvoria pr\u00edjem not\u00e1ra. Sadzby odmeny not\u00e1ra s\u00fa stanoven\u00e9 vo Vyhl\u00e1\u0161ke Ministerstva spravodlivosti Slovenskej republiky \u010d. 31\/1993 Z. z. o odmen\u00e1ch a n\u00e1hrad\u00e1ch not\u00e1rov a s\u00fa ur\u010den\u00e9 pevn\u00fdmi sumami alebo percentom z ceny predmetu not\u00e1rskeho \u00fakonu, a to za jednotliv\u00e9 not\u00e1rske \u00fakony, alebo za s\u00fahrn not\u00e1rskych \u00fakonov.","breadcrumb":{"@id":"https:\/\/notarglonekova.sk\/?page_id=232#breadcrumb"},"inLanguage":"sk-SK","potentialAction":[{"@type":"ReadAction","target":["https:\/\/notarglonekova.sk\/?page_id=232"]}]},{"@type":"BreadcrumbList","@id":"https:\/\/notarglonekova.sk\/?page_id=232#breadcrumb","itemListElement":[{"@type":"ListItem","position":1,"name":"Domovsk\u00e1 str\u00e1nka","item":"https:\/\/notarglonekova.sk\/"},{"@type":"ListItem","position":2,"name":"Poplatky"}]},{"@type":"WebSite","@id":"https:\/\/notarglonekova.sk\/#website","url":"https:\/\/notarglonekova.sk\/","name":"https:\/\/notarglonekova.sk\/","description":"Not\u00e1r v centre Ve\u013ek\u00e9ho Medera","publisher":{"@id":"https:\/\/notarglonekova.sk\/#organization"},"potentialAction":[{"@type":"SearchAction","target":{"@type":"EntryPoint","urlTemplate":"https:\/\/notarglonekova.sk\/?s={search_term_string}"},"query-input":{"@type":"PropertyValueSpecification","valueRequired":true,"valueName":"search_term_string"}}],"inLanguage":"sk-SK"},{"@type":"Organization","@id":"https:\/\/notarglonekova.sk\/#organization","name":"JUDr. Mgr. Sabina Glonekov\u00e1, not\u00e1r","url":"https:\/\/notarglonekova.sk\/","logo":{"@type":"ImageObject","inLanguage":"sk-SK","@id":"https:\/\/notarglonekova.sk\/#\/schema\/logo\/image\/","url":"http:\/\/notarglonekova.sk\/wp-content\/uploads\/2023\/02\/Justice.jpg","contentUrl":"http:\/\/notarglonekova.sk\/wp-content\/uploads\/2023\/02\/Justice.jpg","width":1180,"height":560,"caption":"JUDr. Mgr. Sabina Glonekov\u00e1, not\u00e1r"},"image":{"@id":"https:\/\/notarglonekova.sk\/#\/schema\/logo\/image\/"}}]}},"_links":{"self":[{"href":"https:\/\/notarglonekova.sk\/index.php?rest_route=\/wp\/v2\/pages\/232"}],"collection":[{"href":"https:\/\/notarglonekova.sk\/index.php?rest_route=\/wp\/v2\/pages"}],"about":[{"href":"https:\/\/notarglonekova.sk\/index.php?rest_route=\/wp\/v2\/types\/page"}],"author":[{"embeddable":true,"href":"https:\/\/notarglonekova.sk\/index.php?rest_route=\/wp\/v2\/users\/1"}],"replies":[{"embeddable":true,"href":"https:\/\/notarglonekova.sk\/index.php?rest_route=%2Fwp%2Fv2%2Fcomments&post=232"}],"version-history":[{"count":6,"href":"https:\/\/notarglonekova.sk\/index.php?rest_route=\/wp\/v2\/pages\/232\/revisions"}],"predecessor-version":[{"id":1129,"href":"https:\/\/notarglonekova.sk\/index.php?rest_route=\/wp\/v2\/pages\/232\/revisions\/1129"}],"wp:attachment":[{"href":"https:\/\/notarglonekova.sk\/index.php?rest_route=%2Fwp%2Fv2%2Fmedia&parent=232"}],"curies":[{"name":"wp","href":"https:\/\/api.w.org\/{rel}","templated":true}]}}